{"id":5943,"date":"2019-04-09T15:19:32","date_gmt":"2019-04-09T13:19:32","guid":{"rendered":"https:\/\/godot-paris16.onetab.fr\/?page_id=5943"},"modified":"2020-11-13T13:11:05","modified_gmt":"2020-11-13T11:11:05","slug":"cours-or-et-metaux-precieux","status":"publish","type":"page","link":"https:\/\/achat-or-st-barth.com\/en\/cours-or-et-metaux-precieux\/","title":{"rendered":"Gold and precious metal rates"},"content":{"rendered":"<div class=\"wpb-content-wrapper\"><div  class=\"no-padding-section page-section-content section page-section-6a07a99ddf4a3 vc_custom_1554417286305\"  ><div class=\"dima-container page-section\"><div class=\"ok-row\"><div  class=\"ok-xsd-12 page-section-6a07a99ddf539   ok-md-6\"   ><div class=\"page-section\" ><div class=\"dimacoltable page-section\"><div class=\"dimacell\">\n\t<div class=\"wpb_raw_code wpb_raw_html wpb_content_element\" >\n\t\t<div class=\"wpb_wrapper\">\n\t\t\t<div class=\"resp-container\">\n    <iframe class=\"resp-iframe\" src=\"https:\/\/www.achat-or-et-argent.fr\/chartO.php?open=1\" gesture=\"media\" scrolling=\"no\" allow=\"encrypted-media\" allowfullscreen><\/iframe>\n<\/div>\n\t\t<\/div>\n\t<\/div>\n<\/div><\/div><\/div><\/div><div  class=\"ok-xsd-12 page-section-6a07a99ddf666   ok-md-6\"   ><div class=\"page-section\" ><div class=\"dimacoltable page-section\"><div class=\"dimacell\">\n\t<div class=\"wpb_raw_code wpb_raw_html wpb_content_element\" >\n\t\t<div class=\"wpb_wrapper\">\n\t\t\t<div class=\"resp-container\">\n    <iframe class=\"resp-iframe\" src=\"https:\/\/www.achat-or-et-argent.fr\/chartA.php?open=1\" gesture=\"media\"  scrolling=\"no\" allow=\"encrypted-media\" allowfullscreen><\/iframe>\n<\/div>\n\t\t<\/div>\n\t<\/div>\n<\/div><\/div><\/div><\/div><\/div><\/div><\/div><section data-vc-full-width=\"true\" data-vc-full-width-init=\"false\" data-vc-stretch-content=\"true\" class=\"vc_section np\"><div id=\"ou-acheter\" class=\"no-padding-section page-section-content  section page-section-6a07a99ddf7f0\"  ><div class=\"background-image-hide\"  style=\"background-image: url(https:\/\/achat-or-st-barth.com\/wp-content\/uploads\/acheter-or-france-investissement.jpg);background-position: center center;background-attachment: scroll;background-size: cover;\"><\/div><div class=\"dima-section-cover background-image-holder dima-color-mask-6a07a99ddf7f0\"><\/div><div class=\"page-section full_width_section\"><div class=\"ok-row ok-no-margin\"><div  class=\"ok-xld-12 ok-ld-12  ok-xsd-12 page-section-6a07a99ddfa51   ok-md-12\"    ><div class=\"\" ><div class=\"inner-child background-image-hide\"  style=\"background-repeat: no-repeat;background-position: center center;background-attachment: fixed;\"><\/div><div class=\"dimacoltable page-section\"><div class=\"dimacell\"><div  class=\"dima-clear\" style=\"padding-bottom:70px\"><\/div><style id=\"dima-shortcode-style-6a07a99ddfaaa\" type=\"text\/css\"> .heading-6a07a99ddfaaa,a .heading-6a07a99ddfaaa,.heading-6a07a99ddfaaa a{color:#ffffff}<\/style><h2  class=\"dima-custom-heading heading-6a07a99ddfaaa dima-custom-heading text-center\"   > <i class= \"fa fa-map-marker\" > <\/i> Need a crisis-proof investment ?<\/h2>\n\t<div class=\"wpb_content_element white\" >\n\t\t<div class=\"wpb_wrapper\">\n\t\t\t<p style=\"text-align: center;\">Do not hesitate to schedule an appointment, our experts will be happy to answer your questions.<\/p>\n\n\t\t<\/div> \n\t<\/div> <a   href=\"\/en\/prendre-rdv-en-agence-godot-fils\/\"  class=\"dima-button dima-waves di_white fill dima-btn-large float-center dima-btn-rounded\" data-animate=\"transition.fadeIn\"     >Book an appointment<\/a><div  class=\"dima-clear\" style=\"padding-bottom:70px\"><\/div><\/div><\/div><\/div><\/div><\/div><\/div><style id=\"dima-shortcode-style-6a07a99ddf7f0\" type=\"text\/css\">.page-section-6a07a99ddf7f0 .dima-color-mask-6a07a99ddf7f0{background:rgba(0,0,0,0.55)}<\/style><\/div><\/section><div class=\"vc_row-full-width vc_clearfix\"><\/div>\n<\/div>","protected":false},"excerpt":{"rendered":"Besoin d'un investissement \u00e0 l'abri des crises \u00e9conomiques ? N'h\u00e9sitez pas \u00e0 prendre un rendez-vous, nos experts se feront un plaisir de r\u00e9pondre \u00e0 vos questions Prendre RDV","protected":false},"author":890731,"featured_media":0,"parent":0,"menu_order":0,"comment_status":"closed","ping_status":"closed","template":"template-no-sidebar.php","meta":{"footnotes":""},"class_list":["post-5943","page","type-page","status-publish","hentry","no-post-thumbnail"],"_links":{"self":[{"href":"https:\/\/achat-or-st-barth.com\/en\/wp-json\/wp\/v2\/pages\/5943","targetHints":{"allow":["GET"]}}],"collection":[{"href":"https:\/\/achat-or-st-barth.com\/en\/wp-json\/wp\/v2\/pages"}],"about":[{"href":"https:\/\/achat-or-st-barth.com\/en\/wp-json\/wp\/v2\/types\/page"}],"author":[{"embeddable":true,"href":"https:\/\/achat-or-st-barth.com\/en\/wp-json\/wp\/v2\/users\/890731"}],"replies":[{"embeddable":true,"href":"https:\/\/achat-or-st-barth.com\/en\/wp-json\/wp\/v2\/comments?post=5943"}],"version-history":[{"count":5,"href":"https:\/\/achat-or-st-barth.com\/en\/wp-json\/wp\/v2\/pages\/5943\/revisions"}],"predecessor-version":[{"id":10831,"href":"https:\/\/achat-or-st-barth.com\/en\/wp-json\/wp\/v2\/pages\/5943\/revisions\/10831"}],"wp:attachment":[{"href":"https:\/\/achat-or-st-barth.com\/en\/wp-json\/wp\/v2\/media?parent=5943"}],"curies":[{"name":"wp","href":"https:\/\/api.w.org\/{rel}","templated":true}]}}