{"id":6527,"date":"2020-05-14T19:49:45","date_gmt":"2020-05-14T17:49:45","guid":{"rendered":"https:\/\/godot-paris16.onetab.fr\/?page_id=6527"},"modified":"2024-03-25T11:48:47","modified_gmt":"2024-03-25T09:48:47","slug":"change-de-devises","status":"publish","type":"page","link":"https:\/\/achat-or-st-barth.com\/en\/change-de-devises\/","title":{"rendered":"Currency exchange"},"content":{"rendered":"<div  class=\"page-section-content section page-section-69f2864fcf5f6\"  ><div class=\"page-section\"><div class=\"ok-row\"><div  class=\"ok-xsd-12 page-section-69f2864fcf6cf   ok-md-6\"   ><div class=\"page-section\" ><div class=\"dimacoltable page-section\"><div class=\"dimacell\">\n\t<div class=\"wpb_content_element\" >\n\t\t<div class=\"wpb_wrapper\">\n\t\t\t<h2><strong>CURRENCY EXCHANGE OFFICE<\/strong><\/h2>\n<p><strong>Vous pr\u00e9parez un voyage \u00e0 l\u2019\u00e9tranger ? Venez consulter nos taux de change dans votre comptoir Godot St-Barth\u00e9lemy situ\u00e9 au <a href=\"http:\/\/achat-or-st-barth.com\/en\/contact\/\">4 rue du bord de mer 97133 Gustavia<\/a>. <\/strong><\/p>\n<p><strong>Whether it is common or exotic currencies, we are committed to remain among the most competitive agency of the market.<\/strong><\/p>\n\n\t\t<\/div> \n\t<\/div> <\/div><\/div><\/div><\/div><div  class=\"ok-xsd-12 page-section-69f2864fcf7d9   ok-md-6\"   ><div class=\"page-section\" ><div class=\"dimacoltable page-section\"><div class=\"dimacell\"><div  class=\"dima-img column-item overflow-hidden\"       ><img loading=\"lazy\" decoding=\"async\" width=\"370\" height=\"245\" src=\"https:\/\/achat-or-st-barth.com\/wp-content\/uploads\/bureau-change-devises-godot-st-barth.jpg\" class=\"dima_image-img dima-image attachment-full\" alt=\"\" srcset=\"https:\/\/achat-or-st-barth.com\/wp-content\/uploads\/bureau-change-devises-godot-st-barth.jpg 370w, https:\/\/achat-or-st-barth.com\/wp-content\/uploads\/bureau-change-devises-godot-st-barth-18x12.jpg 18w\" sizes=\"auto, (max-width: 370px) 100vw, 370px\" \/><\/div><\/div><\/div><\/div><\/div><\/div><\/div><\/div><div  class=\"no-padding-section page-section-content section page-section-69f2864fcfbdf\"  ><div class=\"page-section\"><div class=\"ok-row\"><div  class=\"ok-xsd-12 page-section-69f2864fcfc41   ok-md-6\"   ><div class=\"page-section\" ><div class=\"dimacoltable page-section\"><div class=\"dimacell\"><div  class=\"dima-img column-item overflow-hidden\"       ><img loading=\"lazy\" decoding=\"async\" width=\"626\" height=\"417\" src=\"https:\/\/achat-or-st-barth.com\/wp-content\/uploads\/bureau-de-change-st-barth.jpg\" class=\"dima_image-img dima-image attachment-full\" alt=\"\" srcset=\"https:\/\/achat-or-st-barth.com\/wp-content\/uploads\/bureau-de-change-st-barth.jpg 626w, https:\/\/achat-or-st-barth.com\/wp-content\/uploads\/bureau-de-change-st-barth-600x400.jpg 600w, https:\/\/achat-or-st-barth.com\/wp-content\/uploads\/bureau-de-change-st-barth-18x12.jpg 18w, https:\/\/achat-or-st-barth.com\/wp-content\/uploads\/bureau-de-change-st-barth-370x245.jpg 370w, https:\/\/achat-or-st-barth.com\/wp-content\/uploads\/bureau-de-change-st-barth-585x390.jpg 585w\" sizes=\"auto, (max-width: 626px) 100vw, 626px\" \/><\/div><\/div><\/div><\/div><\/div><div  class=\"ok-xsd-12 page-section-69f2864fcff09   ok-md-6\"   ><div class=\"page-section\" ><div class=\"dimacoltable page-section\"><div class=\"dimacell\">\n\t<div class=\"wpb_content_element\" >\n\t\t<div class=\"wpb_wrapper\">\n\t\t\t<p>As precious metals trading, we have made foreign exchange one of our specialties. Whether you are planning a business or personal trip, you will have access to commonly used currencies such as dollars, pounds or yen.<\/p>\n<p>We also have more exotic currencies, such as Thai baht, Polish zloty and Indian rupees. To ensure that we have the currency you are looking for, it is recommended that you contact our office team at <a href=\"tel:06 83 18 88 91\"><strong>06 83 18 88 91<\/strong><\/a>. If we don't have the currency needed, we will try to get it for you.<\/p>\n\n\t\t<\/div> \n\t<\/div> <\/div><\/div><\/div><\/div><div  class=\"ok-xsd-12 page-section-69f2864fcffcc   ok-md-12\"   ><div class=\"page-section\" ><div class=\"dimacoltable page-section\"><div class=\"dimacell\"><div  class=\"dima-spacer-module\"  data-units=\"px\" data-all_size=\"50\" data-xld_resolution=\"1600\" data-xld_size=\"50\" data-ld_resolution=\"1400\" data-ld_size=\"50\" data-md_resolution=\"1170\" data-md_size=\"20\" data-sd_resolution=\"969\" data-sd_size=\"50\" data-xsd_resolution=\"480\" data-xsd_size=\"50\" style=\"height: 50px;\"><\/div>\n\t<div class=\"wpb_content_element\" >\n\t\t<div class=\"wpb_wrapper\">\n\t\t\t<p>Thanks to our professional community, we will be able to order quickly and understand your expectations. Indeed, we maintain professional relationships with travel agencies, hotels and other tourism professionals. It is therefore easy for us to find currencies, whatever the desired volume.<\/p>\n<p>Finally, for the sake of total transparency, we inform you that our foreign exchange operations do not have any hidden costs, we also offer preferential rates for the purchase of large volumes. On the other hand, we guarantee to take back, free of charge, your unused currency following your trip.<\/p>\n<p>Please contact us at <a href=\"tel:06 83 18 88 91\"><strong>06 83 18 88 91<\/strong><\/a>for more information, or please come and visit us\u00a0<a href=\"http:\/\/achat-or-st-barth.com\/en\/contact\/\">votre comptoir Godot &amp; Fils au num\u00e9ro 4 rue du bord de mer 97133 Gustavia<\/a><\/p>\n\n\t\t<\/div> \n\t<\/div> <\/div><\/div><\/div><\/div><\/div><\/div><\/div><div  class=\"page-section-content section page-section-69f2864fd014d\"  ><div class=\"page-section\"><div class=\"ok-row\"><div  class=\"ok-xsd-12 page-section-69f2864fd0198   ok-md-12\"   ><div class=\"page-section\" ><div class=\"dimacoltable page-section\"><div class=\"dimacell\">\n\t<div class=\"wpb_raw_code wpb_raw_html wpb_content_element\" >\n\t\t<div class=\"wpb_wrapper\">\n\t\t\t<iframe loading=\"lazy\" src=\"https:\/\/www.changevivienne.com\/devises?content_only=1\" width=\"100%\" height=\"1400px\"><\/iframe>\n\t\t<\/div>\n\t<\/div>\n<\/div><\/div><\/div><\/div><\/div><\/div><\/div>","protected":false},"excerpt":{"rendered":"BUREAU DE CHANGE DE DEVISES Vous pr\u00e9parez un voyage \u00e0 l\u2019\u00e9tranger ? Venez consulter nos taux de change dans votre comptoir Godot St-Barth\u00e9lemy situ\u00e9 au 4 rue du bord de mer 97133 Gustavia. Qu\u2019il s\u2019agisse de devises courantes ou exotiques, nous nous attachons \u00e0 rester parmi les plus comp\u00e9titifs du march\u00e9. Au m\u00eame titre que [...]","protected":false},"author":890731,"featured_media":0,"parent":0,"menu_order":0,"comment_status":"closed","ping_status":"closed","template":"","meta":{"footnotes":""},"class_list":["post-6527","page","type-page","status-publish","hentry","no-post-thumbnail"],"_links":{"self":[{"href":"https:\/\/achat-or-st-barth.com\/en\/wp-json\/wp\/v2\/pages\/6527","targetHints":{"allow":["GET"]}}],"collection":[{"href":"https:\/\/achat-or-st-barth.com\/en\/wp-json\/wp\/v2\/pages"}],"about":[{"href":"https:\/\/achat-or-st-barth.com\/en\/wp-json\/wp\/v2\/types\/page"}],"author":[{"embeddable":true,"href":"https:\/\/achat-or-st-barth.com\/en\/wp-json\/wp\/v2\/users\/890731"}],"replies":[{"embeddable":true,"href":"https:\/\/achat-or-st-barth.com\/en\/wp-json\/wp\/v2\/comments?post=6527"}],"version-history":[{"count":5,"href":"https:\/\/achat-or-st-barth.com\/en\/wp-json\/wp\/v2\/pages\/6527\/revisions"}],"predecessor-version":[{"id":11223,"href":"https:\/\/achat-or-st-barth.com\/en\/wp-json\/wp\/v2\/pages\/6527\/revisions\/11223"}],"wp:attachment":[{"href":"https:\/\/achat-or-st-barth.com\/en\/wp-json\/wp\/v2\/media?parent=6527"}],"curies":[{"name":"wp","href":"https:\/\/api.w.org\/{rel}","templated":true}]}}