{"id":6584,"date":"2020-05-15T12:33:28","date_gmt":"2020-05-15T10:33:28","guid":{"rendered":"https:\/\/godot-paris16.onetab.fr\/?page_id=6584"},"modified":"2022-09-29T13:19:36","modified_gmt":"2022-09-29T11:19:36","slug":"achat-vente-or","status":"publish","type":"page","link":"https:\/\/achat-or-st-barth.com\/en\/achat-vente-or\/","title":{"rendered":"Gold purchase"},"content":{"rendered":"<div  class=\"no-padding-section page-section-content section page-section-6a07a8cce1d88\"  ><div class=\"page-section\"><div class=\"ok-row\"><div  class=\"ok-xsd-12 page-section-6a07a8cce1e9a   ok-md-12\"   ><div class=\"page-section\" ><div class=\"dimacoltable page-section\"><div class=\"dimacell\"><div  class=\"dima-spacer-module\"  data-units=\"px\" data-all_size=\"150\" data-xld_resolution=\"1600\" data-xld_size=\"150\" data-ld_resolution=\"1400\" data-ld_size=\"150\" data-md_resolution=\"1170\" data-md_size=\"120\" data-sd_resolution=\"969\" data-sd_size=\"100\" data-xsd_resolution=\"480\" data-xsd_size=\"100\" style=\"height: 150px;\"><\/div>\n\t<div class=\"wpb_content_element\" >\n\t\t<div class=\"wpb_wrapper\">\n\t\t\t<h2><strong>GOLD PURCHASE<\/strong><\/h2>\n\n\t\t<\/div> \n\t<\/div> <\/div><\/div><\/div><\/div><div  class=\"ok-xsd-12 page-section-6a07a8cce2009   ok-md-6\"   ><div class=\"page-section\" ><div class=\"dimacoltable page-section\"><div class=\"dimacell\">\n\t<div class=\"wpb_content_element\" >\n\t\t<div class=\"wpb_wrapper\">\n\t\t\t<p>Gold is a safe haven in times of crisis but also a very profitable investment.<\/p>\n<p><strong>Gold savings<\/strong>\u00a0are a security against crashes and economic crises. Well informed investors choose to<strong>invest in Gold<\/strong>\u00a0to minimize the losses of other investments (savings accounts, life insurance, stock exchange, real estate)<\/p>\n<p>Whether you wish to increase your assets or to have the best trade conditions for your gold products, we provide you a wide range of references.<\/p>\n<p>Among these you will find all our\u00a0<strong>bars<\/strong>,<strong> bullions<\/strong>\u00a0and\u00a0<strong>gold coins quoted<\/strong>\u00a0including the famous 20 Francs Napoleon, the Marianne Coq, the 20 Swiss Francs as well as the famous Krugerrand, 20 Dollars and many other gold investment products.<\/p>\n<p>&nbsp;<\/p>\n<p>As coins, we also buy back your ingots at prices calculated on the gold price of the day and with very low commissions.<\/p>\n\n\t\t<\/div> \n\t<\/div> <div  class=\"dima-clear\" style=\"padding-bottom:100px\"><\/div><\/div><\/div><\/div><\/div><div  class=\"ok-xsd-12 page-section-6a07a8cce212b   ok-md-6\"   ><div class=\"page-section\" ><div class=\"dimacoltable page-section\"><div class=\"dimacell\"><div  class=\"dima-img text-center column-item overflow-hidden\"       ><figure class=\"wp-caption alignnone\" ><img loading=\"lazy\" decoding=\"async\" class=\"dima_image-img dima-image\" src=\"https:\/\/achat-or-st-barth.com\/wp-content\/uploads\/20-francs-marianne-coq-monnaie-francaise-monnaie-or-piece-pile-1-200x200.png\" width=\"200\" height=\"200\" alt=\"alt=&quot;&quot;\" title=\"20-francs-marianne-coq-monnaie-francaise-monnaie-or-piece-pile\" \/><figcaption class=\"wp-caption-text\">Napol\u00e9on 20 Francs Or<\/figcaption><\/figure><\/div>\n\t<div class=\"wpb_content_element  vc_custom_1605018695381\" >\n\t\t<div class=\"wpb_wrapper\">\n\t\t\t<h2>ABOUT GOLD<\/h2>\n<p><strong>GOLD: EVERLASTING HAVEN VALUE<\/strong><\/p>\n<p><a href=\"https:\/\/en.wikipedia.org\/wiki\/Gold\" target=\"_blank\" rel=\"noopener noreferrer\">Gold<b>or<\/b><\/a>\u00a0(from Latin <i>aurum<\/i>) is a <a title=\"https:\/\/en.wikipedia.org\/wiki\/Precious_metal\" href=\"https:\/\/fr.wikipedia.org\/wiki\/M%C3%A9tal_pr%C3%A9cieux\">precious metal<\/a> that is highly sought-after and appreciated in  ornaments or\u00a0<a title=\"https:\/\/en.wikipedia.org\/wiki\/Coin\" href=\"https:\/\/fr.wikipedia.org\/wiki\/Pi%C3%A8ce_de_monnaie\">for coins<\/a> since the dawn of historical times. In the nature, this <a title=\"https:\/\/en.wikipedia.org\/wiki\/Metal\" href=\"https:\/\/fr.wikipedia.org\/wiki\/M%C3%A9tal\">metal<\/a> comes in <a title=\"Gold nuggets\" href=\"https:\/\/en.wikipedia.org\/wiki\/Gold_nugget\">gold nuggets<\/a>, which may have been reduced, in <a title=\"Powder\" href=\"https:\/\/en.wikipedia.org\/wiki\/Powder\">powder<\/a> or glitter, by <a title=\"Erosion\" href=\"https:\/\/en.wikipedia.org\/wiki\/Erosion\">erosion<\/a>\u00a0m\u00e9canique.<\/p>\n\n\t\t<\/div> \n\t<\/div> <\/div><\/div><\/div><\/div><\/div><\/div><\/div><div  class=\"page-section-content section page-section-6a07a8cce309b\"  ><div class=\"page-section\"><div class=\"ok-row\"><div  class=\"ok-xsd-12 page-section-6a07a8cce3147   ok-md-12\"   ><div class=\"page-section\" ><div class=\"dimacoltable page-section\"><div class=\"dimacell\"><div  class=\"divider\" ><div class=\"double\"><\/div><\/div><div  class=\"dima-spacer-module\"  data-units=\"px\" data-all_size=\"150\" data-xld_resolution=\"1600\" data-xld_size=\"150\" data-ld_resolution=\"1400\" data-ld_size=\"150\" data-md_resolution=\"1170\" data-md_size=\"120\" data-sd_resolution=\"969\" data-sd_size=\"100\" data-xsd_resolution=\"480\" data-xsd_size=\"100\" style=\"height: 150px;\"><\/div><div  class=\"dima-tabs  tabs_style_5 tabs_on_top\" ><ul class=\"dima-tab-nav top\"><li  class=\"tab active\" ><a href=\"#tab-1\" data-toggle=\"tab\"><svg version=\"1.1\" xmlns=\"http:\/\/www.w3.org\/2000\/svg\" xmlns:xlink=\"http:\/\/www.w3.org\/1999\/xlink\" width=\"32\" height=\"32\" viewbox=\"0 0 32 32\">\n<g>\n<\/g>\n\t<path d=\"M16 31.995c-3.329 0-6.658-1.267-9.192-3.802-5.069-5.069-5.069-13.316 0-18.385l1.414 1.414c-4.289 4.289-4.289 11.268 0 15.557s11.268 4.29 15.557 0c4.287-4.29 4.288-11.269 0-15.557l1.414-1.414c5.067 5.068 5.067 13.316 0 18.385-2.534 2.535-5.863 3.802-9.193 3.802z\" fill=\"#000000\" \/>\n\t<path d=\"M15.998 14.331l-9.194-8.081 1.295-2.684 1.801 0.869-0.634 1.316 6.735 5.919 6.759-5.913-0.655-1.309 1.79-0.895 1.345 2.691z\" fill=\"#000000\" \/>\n\t<path d=\"M9 0h14v2h-14v-2z\" fill=\"#000000\" \/>\n\t<path d=\"M13 4h6v2h-6v-2z\" fill=\"#000000\" \/>\n<\/svg>\nGold coins<\/a><\/li><li  class=\"tab\" ><a href=\"#tab-2\" data-toggle=\"tab\"><svg version=\"1.1\" xmlns=\"http:\/\/www.w3.org\/2000\/svg\" xmlns:xlink=\"http:\/\/www.w3.org\/1999\/xlink\" width=\"32\" height=\"32\" viewbox=\"0 0 32 32\">\n<g>\n<\/g>\n\t<path d=\"M0 30h32v2h-32v-2z\" fill=\"#000000\" \/>\n\t<path d=\"M0 0h2v32h-2v-32z\" fill=\"#000000\" \/>\n\t<path d=\"M7 28h2v2h-2v-2z\" fill=\"#000000\" \/>\n\t<path d=\"M11 28h2v2h-2v-2z\" fill=\"#000000\" \/>\n\t<path d=\"M15 28h2v2h-2v-2z\" fill=\"#000000\" \/>\n\t<path d=\"M19 28h2v2h-2v-2z\" fill=\"#000000\" \/>\n\t<path d=\"M23 28h2v2h-2v-2z\" fill=\"#000000\" \/>\n\t<path d=\"M27 28h2v2h-2v-2z\" fill=\"#000000\" \/>\n\t<path d=\"M2.001 24h2v2h-2v-2z\" fill=\"#000000\" \/>\n\t<path d=\"M2.001 20h2v2h-2v-2z\" fill=\"#000000\" \/>\n\t<path d=\"M2.001 16h2v2h-2v-2z\" fill=\"#000000\" \/>\n\t<path d=\"M2.001 12h2v2h-2v-2z\" fill=\"#000000\" \/>\n\t<path d=\"M2.001 8h2v2h-2v-2z\" fill=\"#000000\" \/>\n\t<path d=\"M2.001 4h2v2h-2v-2z\" fill=\"#000000\" \/>\n\t<path d=\"M8.8 22.601l-1.6-1.202 6.624-8.824 5.112 4.085 8.361-8.367 1.415 1.414-9.627 9.633-4.899-3.915z\" fill=\"#000000\" \/>\n\t<path d=\"M29.011 17h-2v-7h-7v-2h9z\" fill=\"#000000\" \/>\n<\/svg>\nGold price<\/a><\/li><li  class=\"tab\" ><a href=\"#tab-3\" data-toggle=\"tab\"><svg version=\"1.1\" xmlns=\"http:\/\/www.w3.org\/2000\/svg\" xmlns:xlink=\"http:\/\/www.w3.org\/1999\/xlink\" width=\"32\" height=\"32\" viewbox=\"0 0 32 32\">\n<g>\n<\/g>\n\t<path d=\"M2.999 9h2v13h-2v-13z\" fill=\"#000000\" \/>\n\t<path d=\"M26.999 9h2v13h-2v-13z\" fill=\"#000000\" \/>\n\t<path d=\"M17.249 32h-2.5l-9.369-5.008c-2.219-1.328-2.381-2.78-2.381-4.992h2c0 2.028 0.129 2.538 1.499 3.33l0.005 0.003 8.746 4.667h1.5l8.751-4.67c1.37-0.792 1.499-1.302 1.499-3.33h2c0 2.212-0.162 3.664-2.381 4.993l-0.148 0.087-9.221 4.92z\" fill=\"#000000\" \/>\n\t<path d=\"M8.999 16h14v2h-14v-2z\" fill=\"#000000\" \/>\n\t<path d=\"M8.999 20h14v2h-14v-2z\" fill=\"#000000\" \/>\n\t<path d=\"M8.999 12h7v2h-7v-2z\" fill=\"#000000\" \/>\n\t<path d=\"M28.999 7h-7c-2.543 0-4.774-1.363-6-3.397-1.226 2.034-3.457 3.397-6 3.397h-7v-2h7c2.757 0 5-2.243 5-5h2c0 2.757 2.243 5 5 5h7v2z\" fill=\"#000000\" \/>\n<\/svg>\nCrisis investment<\/a><\/li><li  class=\"tab\" ><a href=\"#tab-4\" data-toggle=\"tab\"><svg version=\"1.1\" xmlns=\"http:\/\/www.w3.org\/2000\/svg\" xmlns:xlink=\"http:\/\/www.w3.org\/1999\/xlink\" width=\"32\" height=\"32\" viewbox=\"0 0 32 32\">\n<g>\n<\/g>\n\t<path d=\"M12.806 19.192c-3.507-3.51-3.507-9.22 0-12.729l1.414 1.414c-2.728 2.729-2.728 7.17 0 9.9l-1.414 1.415z\" fill=\"#000000\" \/>\n\t<path d=\"M25.534 19.192l-1.414-1.414 3.829-3.828c2.729-2.731 2.729-7.172 0-9.9-2.729-2.728-7.17-2.729-9.899 0l-3.829 3.828-1.414-1.414 3.829-3.828c3.508-3.509 9.218-3.509 12.728 0 3.509 3.507 3.509 9.218 0 12.729l-3.83 3.827z\" fill=\"#000000\" \/>\n\t<path d=\"M19.193 25.534l-1.414-1.414c2.729-2.729 2.729-7.169 0-9.9l1.414-1.414c3.509 3.51 3.509 9.221 0 12.728z\" fill=\"#000000\" \/>\n\t<path d=\"M9 31.996c-2.305 0-4.609-0.877-6.364-2.632-3.509-3.509-3.509-9.219 0-12.729l3.829-3.83 1.415 1.415-3.829 3.83c-2.729 2.729-2.729 7.171 0 9.9s7.17 2.729 9.899 0l3.829-3.83 1.414 1.414-3.829 3.83c-1.754 1.755-4.059 2.632-6.364 2.632z\" fill=\"#000000\" \/>\n<\/svg>\nSuccession and Inheritance<\/a><\/li><\/ul><div  class=\"dima-tab-content\" ><div id=\"tab-1\" class=\"tab-pane fade clearfix dima-tab_content\" >Nous proposons un large panel de pi\u00e8ces d\u2019investissement, des plus pris\u00e9es telles que les 20 Francs Napol\u00e9on ou 50 Pesos aux plus r\u00e9pandues mais toutes aussi recherch\u00e9es \u00e0 l\u2019instar des 20 dollars or.<\/p>\n<p>Nous attachons la m\u00eame importance \u00e0 la vente de ces pi\u00e8ces qu\u2019\u00e0 leur rachat, n\u2019h\u00e9sitez pas \u00e0 nous soumettre des pi\u00e8ces pour expertise, quelle que soit leur cat\u00e9gorie (onces modernes, investissement, numismatique, semi-numismatique, etc).<\/div><div id=\"tab-2\" class=\"tab-pane fade clearfix dima-tab_content fade in active\" ><\/p>\n<h2 style=\"text-align: center;\">GOLD PRICE CHART IN DIRECT<\/h2>\n<div class=\"wpb_content_element\">\n<div class=\"wpb_wrapper\">\n<p style=\"text-align: center;\">Updated in real time<\/p>\n<\/div>\n<\/div>\n<div class=\"resp-container\"><iframe class=\"resp-iframe\" src=\"https:\/\/www.achat-or-et-argent.fr\/chartO.php?open=1\" scrolling=\"no\" allowfullscreen=\"allowfullscreen\"><\/iframe><\/div>\n<p><\/div><div id=\"tab-3\" class=\"tab-pane fade clearfix dima-tab_content\" >De plus en plus d\u2019investisseurs professionnels et particuliers se tournent progressivement vers l\u2019investissement et le placement or, plusieurs d\u2019entre eux r\u00e9sidents du XVIe arrondissement ou de Paris sont d\u00e9j\u00e0 venus nous consulter.<\/p>\n<p>Et pour cause, les produits d\u2019\u00e9pargne propos\u00e9s par les structures traditionnelles perdent de leur cr\u00e9dibilit\u00e9 qu\u2019il s\u2019agisse de plans d\u2019\u00e9pargne, assurances-vie ou autre v\u00e9hicule.<\/p>\n<p>La preuve du potentiel anti-crise et de la rentabilit\u00e9 des m\u00e9taux pr\u00e9cieux n\u2019est plus \u00e0 faire. Quel meilleur moyen pour mettre son argent \u00e0 l\u2019abri des vicissitudes de l\u2019actualit\u00e9 \u00e9conomique que de le convertir en or physique\u00a0? Rappelons que certains de ces produits sont id\u00e9aux d\u00e8s lors qu\u2019il s\u2019agit de sp\u00e9culer pour une rentabilit\u00e9 \u00e0 plus ou moins court terme dans le cas o\u00f9 vous ne souhaiteriez pas immobiliser votre argent trop longtemps.<\/div><div id=\"tab-4\" class=\"tab-pane fade clearfix dima-tab_content\" >L\u2019engagement Godot &amp; Fils sans cesse renouvel\u00e9 aupr\u00e8s de notre client\u00e8le nous a permis de fid\u00e9liser aussi bien professionnels que particuliers. Or, parmi ces professionnels certains ont accept\u00e9 de travailler de concert avec nous, qu\u2019ils soient avocats, notaires ou commissaires-priseurs.<\/p>\n<p>Gr\u00e2ce \u00e0 leur savoir-faire, nous avons \u00e9t\u00e9 en mesure d\u2019ajouter un service \u00e0 notre offre\u00a0: celui de l\u2019expertise gratuite et du partage d\u2019h\u00e9ritage. Un partage de succession est bien souvent un moment difficile \u00e0 traverser et peut entra\u00eener vexations et tensions, pour \u00e9viter ces frustrations inutiles, remettez-vous en \u00e0 l\u2019expertise d\u2019un professionnel.<\/div><\/div><\/div><\/div><\/div><\/div><\/div><\/div><\/div><\/div><div id=\"ou-acheter\" class=\"page-section-content section page-section-6a07a8cce38f5 vc_custom_1590707834325\"  ><div class=\"dima-container page-section\"><div class=\"ok-row ok-no-margin\"><div  class=\"ok-xsd-12 page-section-6a07a8cce3972   ok-md-12\"   ><div class=\"page-section\" ><div class=\"dimacoltable page-section\"><div class=\"dimacell\"><h2  class=\"dima-custom-heading text-center\"   >GODOT ST BARTHELEMY RACHETE VOTRE OR<\/h2>\n\t<div class=\"wpb_content_element\" >\n\t\t<div class=\"wpb_wrapper\">\n\t\t\t<p style=\"text-align: center;\">We buy back your gold in bulk, jewelry too damaged to be worn old watches or dinner services.<\/p>\n\n\t\t<\/div> \n\t<\/div> <\/div><\/div><\/div><\/div><div  class=\"ok-xsd-12 page-section-6a07a8cce3a4a   ok-md-12\"   ><div class=\"page-section\" ><div class=\"dimacoltable page-section\"><div class=\"dimacell\"><div   class=\"dima-video embed\" ><div class=\"embed-responsive embed-responsive-16by9\"><iframe loading=\"lazy\" src=\"https:\/\/www.youtube.com\/embed\/XIHMMAUm7Xg\" width=\"560\" height=\"315\" frameborder=\"0\" allowfullscreen=\"allowfullscreen\"><span data-mce-type=\"bookmark\" style=\"display: inline-block; width: 0px; overflow: hidden; line-height: 0;\" class=\"mce_SELRES_start\"><\/span><\/iframe><\/div><\/div><\/div><\/div><\/div><\/div><div  class=\"ok-xsd-12 page-section-6a07a8cce3adc   ok-md-12\"   ><div class=\"page-section\" ><div class=\"dimacoltable page-section\"><div class=\"dimacell\"><div  class=\"dima-spacer-module\"  data-units=\"px\" data-all_size=\"50\" data-xld_resolution=\"1600\" data-xld_size=\"50\" data-ld_resolution=\"1400\" data-ld_size=\"150\" data-md_resolution=\"1170\" data-md_size=\"50\" data-sd_resolution=\"969\" data-sd_size=\"50\" data-xsd_resolution=\"480\" data-xsd_size=\"50\" style=\"height: 50px;\"><\/div>\n\t<div class=\"wpb_content_element\" >\n\t\t<div class=\"wpb_wrapper\">\n\t\t\t<p style=\"text-align: center;\">Venez nous rencontrer au num\u00e9ro 4 rue du bord de mer 97133 au port de Gustavia sur l&rsquo;\u00eele de Saint-Barth\u00e9lemy<\/p>\n\n\t\t<\/div> \n\t<\/div> <a   href=\"http:\/\/achat-or-saint-barth.com\/ou-acheter-or-france\/\"  class=\"dima-button dima-waves di_white fill dima-btn-large float-center dima-btn-rounded\" data-animate=\"transition.fadeIn\"     >Book your appointment<\/a><\/div><\/div><\/div><\/div><div  class=\"ok-xsd-12 page-section-6a07a8cce3c18   ok-md-12\"   ><div class=\"page-section\" ><div class=\"dimacoltable page-section\"><div class=\"dimacell\"><div  class=\"dima-spacer-module\"  data-units=\"px\" data-all_size=\"50\" data-xld_resolution=\"1600\" data-xld_size=\"50\" data-ld_resolution=\"1400\" data-ld_size=\"150\" data-md_resolution=\"1170\" data-md_size=\"50\" data-sd_resolution=\"969\" data-sd_size=\"50\" data-xsd_resolution=\"480\" data-xsd_size=\"50\" style=\"height: 50px;\"><\/div><div  class=\"divider\" ><div class=\"double\"><\/div><\/div><\/div><\/div><\/div><\/div><\/div><\/div><\/div><div  class=\"page-section-content section page-section-6a07a8cce3d37 vc_custom_1590707423614\"  ><div class=\"page-section full_width_section\"><div class=\"ok-row\"><div  class=\"ok-xsd-12 page-section-6a07a8cce3d9d   ok-md-12\"   ><div class=\"page-section\" ><div class=\"dimacoltable page-section\"><div class=\"dimacell\"><div id=\"lingot-or\" class=\"dima-img text-center column-item overflow-hidden\"       ><img loading=\"lazy\" decoding=\"async\" class=\"dima_image-img dima-image\" src=\"https:\/\/achat-or-st-barth.com\/wp-content\/uploads\/achat-or-versailles-300x400.png\" width=\"300\" height=\"400\" alt=\"alt=&quot;&quot;\" title=\"achat-or-versailles\" \/><\/div>\n\t<div class=\"wpb_content_element\" >\n\t\t<div class=\"wpb_wrapper\">\n\t\t\t<h2 style=\"text-align: center;\">3 reasons to invest in gold<\/h2>\n\n\t\t<\/div> \n\t<\/div> <div  class=\"section page-section-6a07a8cce43da  vc_custom_1589555247957\" ><div class=\"no-padding-section page-section-content\"  ><div class=\"page-section\"><div class=\"ok-row\"><div  class=\"ok-sd-6 ok-xsd-12 ok-md-4\" style=\"\" ><div  class=\"dima-iconbox dima-iconbox-shadow shadow-hover features-box text-center\"  style=\"background-color:#ffffff;border-top-color:rgba(0,0,0,0.01);\"><header  class=\"icon-box-header  box-none\"  ><span style=\"color:#ffcc00;\" class=\"icon-box-medium\"><i class=\"fa fa-shield\"><\/i><\/span><\/header><div  class=\"features-content\"  ><h5 class=\"features-title\" >A safe investment<\/h5><span class=\"dima-divider line-center line-hr small-line\"><\/span>\n<p style=\"text-align: center;\">Gold is a safe haven regardless financial crises<\/p>\n<\/div><\/div><\/div><div  class=\"ok-sd-6 ok-xsd-12 ok-md-4\" style=\"\" ><div  class=\"dima-iconbox dima-iconbox-shadow shadow-hover features-box text-center\"  style=\"background-color:#ffffff;border-top-color:rgba(0,0,0,0.01);\"><header  class=\"icon-box-header  box-none\"  ><span style=\"color:#ffcc00;\" class=\"icon-box-medium\"><i class=\"fa fa-line-chart\"><\/i><\/span><\/header><div  class=\"features-content\"  ><h5 class=\"features-title\" >A secure investment<\/h5><span class=\"dima-divider line-center line-hr small-line\"><\/span>\n<p style=\"text-align: center;\">July 19, 2011 Ounce of GOLD reached $1842<\/p>\n<\/div><\/div><\/div><div  class=\"ok-sd-6 ok-xsd-12 ok-md-4\" style=\"\" ><div  class=\"dima-iconbox dima-iconbox-shadow shadow-hover features-box text-center\"  style=\"background-color:#ffffff;border-top-color:rgba(0,0,0,0.01);\"><header  class=\"icon-box-header  box-none\"  ><span style=\"color:#ffcc00;\" class=\"icon-box-medium\"><i class=\"fa fa-magnet\"><\/i><\/span><\/header><div  class=\"features-content\"  ><h5 class=\"features-title\" >Attractive tax system<\/h5><span class=\"dima-divider line-center line-hr small-line\"><\/span>\n<p style=\"text-align: center;\">No VAT on the purchase of gold bars, bullions and investment gold coins.<\/p>\n<\/div><\/div><\/div><\/div><\/div><\/div><\/div><\/div><\/div><\/div><\/div><\/div><\/div><\/div><div  class=\"page-section-content section page-section-6a07a8cce47e8\"  ><div class=\"page-section\"><div class=\"ok-row\"><div  class=\"ok-xsd-12 page-section-6a07a8cce4842   ok-md-12\"   ><div class=\"page-section\" ><div class=\"dimacoltable page-section\"><div class=\"dimacell\"><h2  class=\"dima-custom-heading text-center\"   > <i class= \"fa fa-shopping-basket\" > <\/i> <\/p>\n<h2 style=\"text-align: center;\"><strong>Which Gold product buy?<\/strong><\/h2>\n<p style=\"text-align: center;\">Our selection of gold coins and gold bars to invest in full security.<\/p>\n<p><\/h2><div  class=\"dima-spacer-module\"  data-units=\"px\" data-all_size=\"50\" data-xld_resolution=\"1600\" data-xld_size=\"50\" data-ld_resolution=\"1400\" data-ld_size=\"150\" data-md_resolution=\"1170\" data-md_size=\"50\" data-sd_resolution=\"969\" data-sd_size=\"30\" data-xsd_resolution=\"480\" data-xsd_size=\"30\" style=\"height: 50px;\"><\/div><\/div><\/div><\/div><\/div><div  class=\"ok-xsd-12 page-section-6a07a8cce4903   ok-md-6\"   ><div class=\"page-section\" ><div class=\"dimacoltable page-section\"><div class=\"dimacell\"><a   href=\"\/en\/cotations-pieces-lingots-or\/\"  class=\"dima-button dima-waves di_yellow stroke dima-btn-large dima-shadow float-center dima-btn-no-rounded\" data-animate=\"transition.fadeIn\"     ><i class=\"fa fa-eye\"><\/i>View our selection<\/a><\/div><\/div><\/div><\/div><div  class=\"ok-xsd-12 page-section-6a07a8cce498b   ok-md-6\"   ><div class=\"page-section\" ><div class=\"dimacoltable page-section\"><div class=\"dimacell\"><a   href=\"\/en\/prendre-rdv-en-agence-godot-fils\/\"  class=\"dima-button dima-waves di_yellow stroke dima-btn-large dima-shadow float-center dima-btn-no-rounded\" data-animate=\"transition.fadeIn\"     ><i class=\"fa fa-handshake-o\"><\/i>Agency appointment<\/a><\/div><\/div><\/div><\/div><\/div><\/div><\/div>","protected":false},"excerpt":{"rendered":"ACHAT OR Une valeur refuge en temps de crise mais \u00e9galement un investissement tr\u00e8s rentable. Epargner dans l'Or\u00a0est une s\u00e9curit\u00e9 face aux krachs boursiers et aux crises \u00e9conomiques. Les \u00e9pargnants avertis choisissent\u00a0d'investir dans l'Or\u00a0pour limiter les pertes des autres placements (Livrets, Assurances-vie, Bourse, Immobilier). Que vous souhaitiez accroitre votre patrimoine ou avoir les meilleures conditions [...]","protected":false},"author":890731,"featured_media":0,"parent":0,"menu_order":0,"comment_status":"closed","ping_status":"closed","template":"","meta":{"footnotes":""},"class_list":["post-6584","page","type-page","status-publish","hentry","no-post-thumbnail"],"_links":{"self":[{"href":"https:\/\/achat-or-st-barth.com\/en\/wp-json\/wp\/v2\/pages\/6584","targetHints":{"allow":["GET"]}}],"collection":[{"href":"https:\/\/achat-or-st-barth.com\/en\/wp-json\/wp\/v2\/pages"}],"about":[{"href":"https:\/\/achat-or-st-barth.com\/en\/wp-json\/wp\/v2\/types\/page"}],"author":[{"embeddable":true,"href":"https:\/\/achat-or-st-barth.com\/en\/wp-json\/wp\/v2\/users\/890731"}],"replies":[{"embeddable":true,"href":"https:\/\/achat-or-st-barth.com\/en\/wp-json\/wp\/v2\/comments?post=6584"}],"version-history":[{"count":5,"href":"https:\/\/achat-or-st-barth.com\/en\/wp-json\/wp\/v2\/pages\/6584\/revisions"}],"predecessor-version":[{"id":11017,"href":"https:\/\/achat-or-st-barth.com\/en\/wp-json\/wp\/v2\/pages\/6584\/revisions\/11017"}],"wp:attachment":[{"href":"https:\/\/achat-or-st-barth.com\/en\/wp-json\/wp\/v2\/media?parent=6584"}],"curies":[{"name":"wp","href":"https:\/\/api.w.org\/{rel}","templated":true}]}}