{"id":6612,"date":"2020-05-15T13:16:53","date_gmt":"2020-05-15T11:16:53","guid":{"rendered":"https:\/\/godot-paris16.onetab.fr\/?page_id=6612"},"modified":"2025-04-22T11:28:40","modified_gmt":"2025-04-22T09:28:40","slug":"contact","status":"publish","type":"page","link":"https:\/\/achat-or-st-barth.com\/en\/contact\/","title":{"rendered":"Contact"},"content":{"rendered":"<div  class=\"page-section-content  fulltitude   section page-section-6a07a8f8811ad vc_custom_1589541871531\"  ><div class=\"background-image-hide\"  style=\"background-image: url(https:\/\/achat-or-st-barth.com\/wp-content\/uploads\/godot-et-fils-st-barth.jpg);background-repeat: no-repeat;background-position: center center;background-attachment: fixed;background-size: cover;\"><\/div><div class=\"dima-section-cover background-image-holder dima-color-mask-6a07a8f8811ad\"><\/div><div class=\"page-section\"><div class=\"ok-row\"><div  class=\"ok-xsd-12 page-section-6a07a8f8817b6   ok-md-12\"   ><div class=\"page-section\" ><div class=\"dimacoltable page-section\"><div class=\"dimacell\"><h1  class=\"dima-custom-heading text-center\"  data-animate        = \"transition.slideUpBigIn\" data-delay             = \"100\" data-duration = \"750\" ><span style=\"color: #ffffff;\">Contact GODOT &amp; FILS<\/span><\/h1><div  class=\"dima-divider   line-hr line-center\" data-animate=\"transition.expandIn\" data-delay=\"300\" data-duration=\"750\"  data-bg-color=\"#ffffff\"><\/div><\/div><\/div><\/div><\/div><\/div><\/div><style id=\"dima-shortcode-style-6a07a8f8811ad\" type=\"text\/css\">.page-section-6a07a8f8811ad .dima-color-mask-6a07a8f8811ad{background:#dd9933;background:-moz-linear-gradient(top,#dd9933 0,#bda85a 100%);background:-webkit-gradient(linear,left top,left bottom,color-stop(0,#dd9933),color-stop(100%,#bda85a));background:-webkit-linear-gradient(top,#dd9933 0,#bda85a 100%);background:-o-linear-gradient(top,#dd9933 0,#bda85a 100%);background:-ms-linear-gradient(top,#dd9933 0,#bda85a 100%);background:linear-gradient(to bottom,#dd9933 0,#bda85a 100%);opacity:0.8}<\/style><\/div><div  class=\"page-section-content section page-section-6a07a8f8818e5 vc_custom_1550420051685\"  ><div class=\"page-section\"><div class=\"ok-row\"><div  class=\"ok-xsd-12 page-section-6a07a8f881948   ok-md-12\"   ><div class=\"page-section\" ><div class=\"dimacoltable page-section\"><div class=\"dimacell\"><style id=\"dima-shortcode-style-6a07a8f8819ed\" type=\"text\/css\">.page-section-6a07a8f8819ed .dima-color-mask-6a07a8f8819ed{background:rgba(255,255,255,0.01)}<\/style><div  class=\"section page-section-6a07a8f8819ed  translate_y_neg_3 vc_custom_1550421263788\" ><div class=\"dima-section-cover background-image-holder dima-color-mask-6a07a8f8819ed\"><\/div><div class=\"no-padding-section page-section-content\"  ><div class=\"page-section\"><div class=\"ok-row\"><div  class=\"ok-sd-12 ok-xsd-12 ok-md-4\" style=\"\" ><div  class=\"dima-iconbox dima-iconbox-shadow features-box text-center\"  style=\"background-color:#ffffff;border-top-color:#ffffff;\"><header  class=\"icon-box-header  box-none\"  ><span  class=\"svg_icon  icon-box-medium\" ><svg version=\"1.1\" xmlns=\"http:\/\/www.w3.org\/2000\/svg\" xmlns:xlink=\"http:\/\/www.w3.org\/1999\/xlink\" width=\"32\" height=\"32\" viewbox=\"0 0 32 32\">\n<g>\n<\/g>\n\t<path d=\"M20.908 32.256c-4.721 0-9.987-2.272-14.259-6.534-6.83-6.812-8.682-16.291-4.307-22.048l1.592 1.21c-3.709 4.883-1.897 13.414 4.128 19.423 6.013 6 14.438 7.7 19.178 3.869l1.258 1.556c-2.109 1.703-4.751 2.524-7.59 2.524z\" fill=\"#000000\" \/>\n\t<path d=\"M30.292 27.39l-7.559-7.583-1.359 1.363c-1.43 1.436-3.333 2.228-5.357 2.228-2.025 0-3.929-0.791-5.359-2.228-2.953-2.96-2.953-7.779 0-10.742l1.363-1.367-7.563-7.589 1.416-1.412 8.971 9-2.771 2.779c-2.177 2.184-2.177 5.735 0 7.918 1.054 1.058 2.454 1.64 3.943 1.64 1.488 0 2.889-0.583 3.94-1.639l2.776-2.784 8.975 9.004-1.416 1.412z\" fill=\"#000000\" \/>\n<\/svg>\n<\/span><\/header><div  class=\"features-content\"  ><h5 class=\"features-title\" >Phone<\/h5><span class=\"dima-divider line-center line-hr small-line\"><\/span>\n<p style=\"text-align: center;\"><strong>Fixe <a href=\"tel:+590590510720\">+590 590 510 720<\/a><\/strong><\/p>\n<p style=\"text-align: center;\"><strong>Mobile <a href=\"tel:+33683188891\">+336 83 18 88 91<\/a><\/strong><\/p>\n<\/div><\/div><\/div><div  class=\"ok-sd-6 ok-xsd-12 ok-md-4\" style=\"\" ><div  class=\"dima-iconbox dima-iconbox-shadow features-box text-center\"  style=\"background-color:#ffffff;border-top-color:#ffffff;\"><header  class=\"icon-box-header  box-none\"  ><span  class=\"svg_icon  icon-box-medium\" ><svg version=\"1.1\" xmlns=\"http:\/\/www.w3.org\/2000\/svg\" xmlns:xlink=\"http:\/\/www.w3.org\/1999\/xlink\" width=\"32\" height=\"32\" viewbox=\"0 0 32 32\">\n<g>\n<\/g>\n\t<path d=\"M22.376 23.431l-7.376-7.159v-10.422h2v9.577l6.769 6.568z\" fill=\"#000000\" \/>\n\t<path d=\"M16.078 31.84c-4.14 0-8.253-1.593-11.338-4.677l1.414-1.414c4.69 4.689 12.1 5.439 17.619 1.783l1.105 1.667c-2.679 1.774-5.747 2.641-8.8 2.641z\" fill=\"#000000\" \/>\n\t<path d=\"M29.401 24.674l-1.668-1.104c3.658-5.52 2.909-12.929-1.781-17.62l1.414-1.414c5.361 5.36 6.216 13.83 2.035 20.138z\" fill=\"#000000\" \/>\n\t<path d=\"M32.052 15.863h-2c0-6.628-4.754-12.403-11.305-13.733l0.398-1.96c7.479 1.518 12.907 8.118 12.907 15.693z\" fill=\"#000000\" \/>\n\t<path d=\"M15.947 31.85c-8.822 0-16-7.178-16-16 0-7.58 5.384-14.173 12.801-15.679l0.397 1.96c-6.488 1.317-11.198 7.086-11.198 13.719 0 7.72 6.28 14 14 14v2z\" fill=\"#000000\" \/>\n<\/svg>\n<\/span><\/header><div  class=\"features-content\"  ><h5 class=\"features-title\" >Working hours<\/h5><span class=\"dima-divider line-center line-hr small-line\"><\/span><strong>Lundi au vendredi, de 10h \u00e0 13h et de 15h30 \u00e0 18h30, ainsi que le samedi de 10h \u00e0 13h.<\/strong><\/div><\/div><\/div><div  class=\"ok-sd-6 ok-xsd-12 ok-md-4\" style=\"\" ><a href='#adresse' ><div  class=\"dima-iconbox dima-iconbox-shadow features-box text-center\"  style=\"background-color:#ffffff;border-top-color:#ffffff;\"><header  class=\"icon-box-header  box-none\"  ><span  class=\"svg_icon  icon-box-medium\" ><svg version=\"1.1\" xmlns=\"http:\/\/www.w3.org\/2000\/svg\" xmlns:xlink=\"http:\/\/www.w3.org\/1999\/xlink\" width=\"32\" height=\"32\" viewbox=\"0 0 32 32\">\n<g>\n<\/g>\n\t<path d=\"M8.215 19.126c-4.277-4.366-4.277-11.47 0-15.836 2.079-2.122 4.844-3.29 7.785-3.29 0.001 0 0.001 0 0.001 0 2.941 0 5.706 1.169 7.784 3.291 4.276 4.366 4.276 11.47 0.001 15.836l-1.43-1.399c3.521-3.594 3.521-9.443 0-13.037-1.698-1.736-3.956-2.691-6.355-2.691h-0.001c-2.399 0-4.657 0.956-6.357 2.69-3.521 3.594-3.521 9.443 0 13.037l-1.428 1.399z\" fill=\"#000000\" \/>\n\t<path d=\"M16 31.887l-5.848-9.357 1.696-1.060 4.152 6.643 4.152-6.643 1.696 1.060z\" fill=\"#000000\" \/>\n\t<path d=\"M16 17c-3.309 0-6-2.691-6-6s2.691-6 6-6 6 2.691 6 6-2.691 6-6 6zM16 7c-2.206 0-4 1.794-4 4s1.794 4 4 4 4-1.794 4-4-1.794-4-4-4z\" fill=\"#000000\" \/>\n<\/svg>\n<\/span><\/header><div  class=\"features-content\"  ><h5 class=\"features-title\" >Address<\/h5><span class=\"dima-divider line-center line-hr small-line\"><\/span>\n<p style=\"text-align: center;\"><strong><a href=\"https:\/\/www.google.com\/maps\/place\/Rue+du+Bord+de+Mer,+Gustavia+97133,+Saint-Barth%C3%A9lemy\/@17.8965308,-62.8510759,17z\/data=!3m1!4b1!4m5!3m4!1s0x8c0e0ab5768f8987:0xc93ea8aa6e9a1a42!8m2!3d17.8965257!4d-62.8488872\">4 rue du bord de mer 97133 Gustavia, Saint-Barth\u00e9lemy<\/a><br \/>\n<\/strong><\/div><\/div><\/a><\/div><\/div><\/div><\/div><\/div><\/div><\/div><\/div><\/div><\/div><\/div><\/div><div id=\"mail\" class=\"page-section-content section page-section-6a07a8f881ee7 vc_custom_1550422631987\"  ><div class=\"page-section\"><div class=\"ok-row\"><div  class=\"ok-xsd-12 page-section-6a07a8f881f32   ok-md-12\"   ><div class=\"page-section\" ><div class=\"dimacoltable page-section\"><div class=\"dimacell\"><style id=\"dima-shortcode-style-6a07a8f881f75\" type=\"text\/css\">.page-section-6a07a8f881f75 .dima-color-mask-6a07a8f881f75{background:#ffffff}<\/style><div  class=\"box-with-shadow  section page-section-6a07a8f881f75  vc_custom_1550423107322\" ><div class=\"dima-section-cover background-image-holder dima-color-mask-6a07a8f881f75\"><\/div><div class=\"no-padding-section page-section-content\"  ><div class=\"page-section\"><div class=\"ok-row\"><div  class=\"ok-sd-12 ok-xsd-12 ok-md-12\" style=\"\" ><h3  class=\"dima-custom-heading text-center\"  data-animate        = \"transition.slideUpBigIn\" data-delay             = \"100\" data-duration = \"750\" >Send a message to GODOT ST BARTH Agency<\/h3>\n\t<div class=\"wpb_content_element\" >\n\t\t<div class=\"wpb_wrapper\">\n\t\t\t<p>[caldera_form id=\u00a0\u00bbCF5f1e9e8574d56&Prime;]<\/p>\n<p style=\"text-align: center;\">\n\n\t\t<\/div> \n\t<\/div> <div  class=\"dima-clear\" style=\"padding-bottom:50px\"><\/div><\/div><\/div><\/div><\/div><\/div><div  class=\"dima-clear\" style=\"padding-bottom:75px\"><\/div><\/div><\/div><\/div><\/div><\/div><\/div><\/div><div id=\"adresse\" class=\"page-section-content section page-section-6a07a8f882137 vc_custom_1595841677016\"  ><div class=\"page-section full_width_section\"><div class=\"ok-row ok-no-margin\"><div  class=\"ok-xsd-12 page-section-6a07a8f882176   ok-md-12\"   ><div class=\"page-section\" ><div class=\"dimacoltable page-section\"><div class=\"dimacell\"><\/div><\/div><\/div><\/div><\/div><\/div><\/div><div  class=\"page-section-content section page-section-6a07a8f8821db\"  ><div class=\"page-section\"><div class=\"ok-row\"><div  class=\"ok-xsd-12 page-section-6a07a8f88220f   ok-md-12\"   ><div class=\"page-section\" ><div class=\"dimacoltable page-section\"><div class=\"dimacell\"><\/div><\/div><\/div><\/div><\/div><\/div><\/div><div  class=\"page-section-content section page-section-6a07a8f882270\"  ><div class=\"page-section\"><div class=\"ok-row\"><div  class=\"ok-xsd-12 page-section-6a07a8f8822a3   ok-md-12\"   ><div class=\"page-section\" ><div class=\"dimacoltable page-section\"><div class=\"dimacell\"><\/div><\/div><\/div><\/div><\/div><\/div><\/div><div  class=\"page-section-content section page-section-6a07a8f882300\"  ><div class=\"page-section\"><div class=\"ok-row\"><div  class=\"ok-xsd-12 page-section-6a07a8f882334   ok-md-12\"   ><div class=\"page-section\" ><div class=\"dimacoltable page-section\"><div class=\"dimacell\"><\/div><\/div><\/div><\/div><\/div><\/div><\/div><div  class=\"page-section-content section page-section-6a07a8f882399\"  ><div class=\"page-section\"><div class=\"ok-row\"><div  class=\"ok-xsd-12 page-section-6a07a8f8823d2   ok-md-12\"   ><div class=\"page-section\" ><div class=\"dimacoltable page-section\"><div class=\"dimacell\"><\/div><\/div><\/div><\/div><\/div><\/div><\/div><div  class=\"page-section-content section page-section-6a07a8f882440\"  ><div class=\"page-section\"><div class=\"ok-row\"><div  class=\"ok-xsd-12 page-section-6a07a8f882478   ok-md-12\"   ><div class=\"page-section\" ><div class=\"dimacoltable page-section\"><div class=\"dimacell\"><\/div><\/div><\/div><\/div><\/div><\/div><\/div><div  class=\"page-section-content section page-section-6a07a8f8824d2\"  ><div class=\"page-section\"><div class=\"ok-row\"><div  class=\"ok-xsd-12 page-section-6a07a8f882500   ok-md-12\"   ><div class=\"page-section\" ><div class=\"dimacoltable page-section\"><div class=\"dimacell\"><\/div><\/div><\/div><\/div><\/div><\/div><\/div><div  class=\"page-section-content section page-section-6a07a8f88255f\"  ><div class=\"page-section\"><div class=\"ok-row\"><div  class=\"ok-xsd-12 page-section-6a07a8f882591   ok-md-12\"   ><div class=\"page-section\" ><div class=\"dimacoltable page-section\"><div class=\"dimacell\"><\/div><\/div><\/div><\/div><\/div><\/div><\/div><div  class=\"page-section-content section page-section-6a07a8f8825e5\"  ><div class=\"page-section\"><div class=\"ok-row\"><div  class=\"ok-xsd-12 page-section-6a07a8f882611   ok-md-12\"   ><div class=\"page-section\" ><div class=\"dimacoltable page-section\"><div class=\"dimacell\"><\/div><\/div><\/div><\/div><\/div><\/div><\/div><div  class=\"page-section-content section page-section-6a07a8f882662\"  ><div class=\"page-section\"><div class=\"ok-row\"><div  class=\"ok-xsd-12 page-section-6a07a8f882686   ok-md-12\"   ><div class=\"page-section\" ><div class=\"dimacoltable page-section\"><div class=\"dimacell\"><\/div><\/div><\/div><\/div><\/div><\/div><\/div><div  class=\"page-section-content section page-section-6a07a8f8826d9\"  ><div class=\"page-section\"><div class=\"ok-row\"><div  class=\"ok-xsd-12 page-section-6a07a8f88270c   ok-md-12\"   ><div class=\"page-section\" ><div class=\"dimacoltable page-section\"><div class=\"dimacell\"><\/div><\/div><\/div><\/div><\/div><\/div><\/div><div  class=\"page-section-content section page-section-6a07a8f88276a\"  ><div class=\"page-section\"><div class=\"ok-row\"><div  class=\"ok-xsd-12 page-section-6a07a8f88279a   ok-md-12\"   ><div class=\"page-section\" ><div class=\"dimacoltable page-section\"><div class=\"dimacell\"><\/div><\/div><\/div><\/div><\/div><\/div><\/div>","protected":false},"excerpt":{"rendered":"Contactez GODOT &amp; FILS T\u00e9l\u00e9phone Fixe +590 590 510 720 Mobile +336 83 18 88 91 Nos horairesLundi au vendredi, de 10h \u00e0 13h et de 15h30 \u00e0 18h30, ainsi que le samedi de 10h \u00e0 13h. Adresse 4 rue du bord de mer 97133 Gustavia, Saint-Barth\u00e9lemy Envoyer un message \u00e0 l'agence GODOT ST BARTH [...]","protected":false},"author":890731,"featured_media":0,"parent":0,"menu_order":0,"comment_status":"closed","ping_status":"closed","template":"","meta":{"footnotes":""},"class_list":["post-6612","page","type-page","status-publish","hentry","no-post-thumbnail"],"_links":{"self":[{"href":"https:\/\/achat-or-st-barth.com\/en\/wp-json\/wp\/v2\/pages\/6612","targetHints":{"allow":["GET"]}}],"collection":[{"href":"https:\/\/achat-or-st-barth.com\/en\/wp-json\/wp\/v2\/pages"}],"about":[{"href":"https:\/\/achat-or-st-barth.com\/en\/wp-json\/wp\/v2\/types\/page"}],"author":[{"embeddable":true,"href":"https:\/\/achat-or-st-barth.com\/en\/wp-json\/wp\/v2\/users\/890731"}],"replies":[{"embeddable":true,"href":"https:\/\/achat-or-st-barth.com\/en\/wp-json\/wp\/v2\/comments?post=6612"}],"version-history":[{"count":6,"href":"https:\/\/achat-or-st-barth.com\/en\/wp-json\/wp\/v2\/pages\/6612\/revisions"}],"predecessor-version":[{"id":11248,"href":"https:\/\/achat-or-st-barth.com\/en\/wp-json\/wp\/v2\/pages\/6612\/revisions\/11248"}],"wp:attachment":[{"href":"https:\/\/achat-or-st-barth.com\/en\/wp-json\/wp\/v2\/media?parent=6612"}],"curies":[{"name":"wp","href":"https:\/\/api.w.org\/{rel}","templated":true}]}}