{"id":6666,"date":"2020-05-15T15:08:08","date_gmt":"2020-05-15T13:08:08","guid":{"rendered":"https:\/\/godot-paris16.onetab.fr\/?page_id=6666"},"modified":"2022-06-02T15:52:47","modified_gmt":"2022-06-02T13:52:47","slug":"prendre-rdv-en-agence-godot-fils","status":"publish","type":"page","link":"https:\/\/achat-or-st-barth.com\/en\/prendre-rdv-en-agence-godot-fils\/","title":{"rendered":"Book your appointment in GODOT &amp; FILS agency"},"content":{"rendered":"<div  class=\"page-section-content section page-section-6a07a99db50ab\"  ><div class=\"page-section\"><div class=\"ok-row\"><div  class=\"ok-xsd-12 page-section-6a07a99db5161   ok-md-12\"   ><div class=\"page-section\" ><div class=\"dimacoltable page-section\"><div class=\"dimacell\"><div  class=\"section page-section-6a07a99db5210\" ><div class=\"no-padding-section page-section-content\"  ><div class=\"page-section\"><div class=\"ok-row\"><div  class=\"ok-sd-6 ok-xsd-12 ok-md-4\" style=\"\" ><div  class=\"dima-iconbox dima-iconbox-shadow features-box text-center\"  style=\"\"><header  class=\"icon-box-header  box-none\"  ><span  class=\"svg_icon  icon-box-medium\" ><svg version=\"1.1\" xmlns=\"http:\/\/www.w3.org\/2000\/svg\" xmlns:xlink=\"http:\/\/www.w3.org\/1999\/xlink\" width=\"32\" height=\"32\" viewbox=\"0 0 32 32\">\n<g>\n<\/g>\n\t<path d=\"M20.908 32.256c-4.721 0-9.987-2.272-14.259-6.534-6.83-6.812-8.682-16.291-4.307-22.048l1.592 1.21c-3.709 4.883-1.897 13.414 4.128 19.423 6.013 6 14.438 7.7 19.178 3.869l1.258 1.556c-2.109 1.703-4.751 2.524-7.59 2.524z\" fill=\"#000000\" \/>\n\t<path d=\"M30.292 27.39l-7.559-7.583-1.359 1.363c-1.43 1.436-3.333 2.228-5.357 2.228-2.025 0-3.929-0.791-5.359-2.228-2.953-2.96-2.953-7.779 0-10.742l1.363-1.367-7.563-7.589 1.416-1.412 8.971 9-2.771 2.779c-2.177 2.184-2.177 5.735 0 7.918 1.054 1.058 2.454 1.64 3.943 1.64 1.488 0 2.889-0.583 3.94-1.639l2.776-2.784 8.975 9.004-1.416 1.412z\" fill=\"#000000\" \/>\n<\/svg>\n<\/span><\/header><div  class=\"features-content\"  ><h5 class=\"features-title\" ><\/h5><span class=\"dima-divider line-center line-hr small-line\"><\/span>\n<p style=\"text-align: center;\"><strong>Fixe <a href=\"tel:+590590510720\">+590 590 510 720<\/a><br \/>\n<\/strong><\/p>\n<p style=\"text-align: center;\"><strong>Mobile <a href=\"tel:+590690599044\">+590 690 599 044<\/a><\/strong><\/p>\n<\/div><\/div><\/div><div  class=\"ok-sd-6 ok-xsd-12 ok-md-4\" style=\"\" ><div  class=\"dima-iconbox dima-iconbox-shadow features-box text-center\"  style=\"\"><header  class=\"icon-box-header  box-none\"  ><span  class=\"svg_icon  icon-box-medium\" ><svg version=\"1.1\" xmlns=\"http:\/\/www.w3.org\/2000\/svg\" xmlns:xlink=\"http:\/\/www.w3.org\/1999\/xlink\" width=\"32\" height=\"32\" viewbox=\"0 0 32 32\">\n<g>\n<\/g>\n\t<path d=\"M22.376 23.431l-7.376-7.159v-10.422h2v9.577l6.769 6.568z\" fill=\"#000000\" \/>\n\t<path d=\"M16.078 31.84c-4.14 0-8.253-1.593-11.338-4.677l1.414-1.414c4.69 4.689 12.1 5.439 17.619 1.783l1.105 1.667c-2.679 1.774-5.747 2.641-8.8 2.641z\" fill=\"#000000\" \/>\n\t<path d=\"M29.401 24.674l-1.668-1.104c3.658-5.52 2.909-12.929-1.781-17.62l1.414-1.414c5.361 5.36 6.216 13.83 2.035 20.138z\" fill=\"#000000\" \/>\n\t<path d=\"M32.052 15.863h-2c0-6.628-4.754-12.403-11.305-13.733l0.398-1.96c7.479 1.518 12.907 8.118 12.907 15.693z\" fill=\"#000000\" \/>\n\t<path d=\"M15.947 31.85c-8.822 0-16-7.178-16-16 0-7.58 5.384-14.173 12.801-15.679l0.397 1.96c-6.488 1.317-11.198 7.086-11.198 13.719 0 7.72 6.28 14 14 14v2z\" fill=\"#000000\" \/>\n<\/svg>\n<\/span><\/header><div  class=\"features-content\"  ><h5 class=\"features-title\" ><\/h5><span class=\"dima-divider line-center line-hr small-line\"><\/span><strong>Lundi au vendredi de 9h \u00e0 17h<\/strong><br \/>\n<strong>Samedi de 9h \u00e0 12h<\/strong><br \/>\n<strong>Mercredi apr\u00e8s-midi sur RDV<\/strong><\/div><\/div><\/div><div  class=\"ok-sd-6 ok-xsd-12 ok-md-4\" style=\"\" ><div  class=\"dima-iconbox dima-iconbox-shadow features-box text-center\"  style=\"\"><header  class=\"icon-box-header  box-none\"  ><span  class=\"svg_icon  icon-box-medium\" ><svg version=\"1.1\" xmlns=\"http:\/\/www.w3.org\/2000\/svg\" xmlns:xlink=\"http:\/\/www.w3.org\/1999\/xlink\" width=\"32\" height=\"32\" viewbox=\"0 0 32 32\">\n<g>\n<\/g>\n\t<path d=\"M8.215 19.126c-4.277-4.366-4.277-11.47 0-15.836 2.079-2.122 4.844-3.29 7.785-3.29 0.001 0 0.001 0 0.001 0 2.941 0 5.706 1.169 7.784 3.291 4.276 4.366 4.276 11.47 0.001 15.836l-1.43-1.399c3.521-3.594 3.521-9.443 0-13.037-1.698-1.736-3.956-2.691-6.355-2.691h-0.001c-2.399 0-4.657 0.956-6.357 2.69-3.521 3.594-3.521 9.443 0 13.037l-1.428 1.399z\" fill=\"#000000\" \/>\n\t<path d=\"M16 31.887l-5.848-9.357 1.696-1.060 4.152 6.643 4.152-6.643 1.696 1.060z\" fill=\"#000000\" \/>\n\t<path d=\"M16 17c-3.309 0-6-2.691-6-6s2.691-6 6-6 6 2.691 6 6-2.691 6-6 6zM16 7c-2.206 0-4 1.794-4 4s1.794 4 4 4 4-1.794 4-4-1.794-4-4-4z\" fill=\"#000000\" \/>\n<\/svg>\n<\/span><\/header><div  class=\"features-content\"  ><h5 class=\"features-title\" ><\/h5><span class=\"dima-divider line-center line-hr small-line\"><\/span>\n<p style=\"text-align: center;\"><a href=\"https:\/\/www.google.com\/maps\/place\/Rue+du+Bord+de+Mer,+Gustavia+97133,+Saint-Barth%C3%A9lemy\/@17.8965308,-62.8510759,17z\/data=!3m1!4b1!4m5!3m4!1s0x8c0e0ab5768f8987:0xc93ea8aa6e9a1a42!8m2!3d17.8965257!4d-62.8488872\"><strong>4 rue du bord de mer 97133 Gustavia, Saint-Barth\u00e9lemy<\/strong><\/a><\/p>\n<\/div><\/div><\/div><\/div><\/div><\/div><\/div><div  class=\"dima-clear\" style=\"padding-bottom:50px\"><\/div><div  class=\"divider\" ><div class=\"double\"><\/div><\/div><div  class=\"container inner-container\" ><div class=\"ok-row\"><div  class=\"ok-sd-6 ok-xsd-12\"  >\n\t<div class=\"wpb_content_element\" >\n\t\t<div class=\"wpb_wrapper\">\n\t\t\t<!--\nPlugin Name: Bookly - Responsive WordPress Appointment Booking and Scheduling Plugin\nPlugin URI: https:\/\/www.booking-wp-plugin.com\/?utm_source=bookly_admin&utm_medium=plugins_page&utm_campaign=plugins_page\nVersion: 26.7-->\n<style type=\"text\/css\">\n    :root {\n        --bookly-main-color: #beb170 !important;\n        --bookly-color: #beb170 !important;\n    }\n\n    <\/style><div class=\"bookly-css-root\">\n    <div id=\"bookly-form-6a07a99db5820\" class=\"bookly-form\" data-form_id=\"6a07a99db5820\" aria-live=\"polite\">\n        <div style=\"text-align: center\"><img decoding=\"async\" src=\"https:\/\/achat-or-st-barth.com\/wp-includes\/js\/tinymce\/skins\/lightgray\/img\/loader.gif\" alt=\"Loading...\"\/><\/div>\n    <\/div>\n<\/div>\n<script type=\"text\/javascript\">\n    (function (win, fn) {\n        var done = false, top = true,\n            doc = win.document,\n            root = doc.documentElement,\n            modern = doc.addEventListener,\n            add = modern ? 'addEventListener' : 'attachEvent',\n            rem = modern ? 'removeEventListener' : 'detachEvent',\n            pre = modern ? '' : 'on',\n            init = function (e) {\n                if (e.type == 'readystatechange') if (doc.readyState != 'complete') return;\n                (e.type == 'load' ? win : doc)[rem](pre + e.type, init, false);\n                if (!done) {\n                    done = true;\n                    fn.call(win, e.type || e);\n                }\n            },\n            poll = function () {\n                try {\n                    root.doScroll('left');\n                } catch (e) {\n                    setTimeout(poll, 50);\n                    return;\n                }\n                init('poll');\n            };\n        if (doc.readyState == 'complete') fn.call(win, 'lazy');\n        else {\n            if (!modern) if (root.doScroll) {\n                try {\n                    top = !win.frameElement;\n                } catch (e) {\n                }\n                if (top) poll();\n            }\n            doc[add](pre + 'DOMContentLoaded', init, false);\n            doc[add](pre + 'readystatechange', init, false);\n            win[add](pre + 'load', init, false);\n        }\n    })(window, function () {\n        window.bookly( {\"form_id\":\"6a07a99db5820\",\"status\":{\"booking\":\"new\"},\"skip_steps\":{\"service_part1\":0,\"service_part2\":1,\"extras\":1,\"time\":0,\"repeat\":1,\"cart\":1},\"errors\":{\"session_error\":\"Session error.\",\"form_id_error\":\"Form ID error.\",\"cart_item_not_available\":\"Le cr\\u00e9neau horaire s\\u00e9lectionn\\u00e9 n'est plus disponible. Merci d'en choisir un autre.\",\"pay_locally_not_available\":\"Pay locally is not available.\",\"invalid_gateway\":\"Invalid gateway.\",\"payment_error\":\"Error.\",\"incorrect_username_password\":\"Incorrect username or password.\"},\"form_attributes\":{\"hide_categories\":true,\"hide_services\":false,\"hide_staff_members\":true,\"show_number_of_persons\":false,\"hide_service_duration\":true,\"hide_locations\":true,\"hide_quantity\":true,\"hide_date\":true,\"hide_week_days\":true,\"hide_time_range\":true,\"const_category_id\":1},\"use_client_time_zone\":0,\"defaults\":{\"service_id\":0,\"staff_id\":6,\"location_id\":0,\"category_id\":1},\"datepicker_mode\":\"text-accent\"} );\n    });\n<\/script>\n\n\t\t<\/div> \n\t<\/div> <\/div><\/div><\/div><\/div><\/div><\/div><\/div><\/div><\/div><\/div>","protected":false},"excerpt":{"rendered":"Fixe +590 590 510 720 Mobile +590 690 599 044 Lundi au vendredi de 9h \u00e0 17h Samedi de 9h \u00e0 12h Mercredi apr\u00e8s-midi sur RDV 4 rue du bord de mer 97133 Gustavia, Saint-Barth\u00e9lemy","protected":false},"author":890731,"featured_media":0,"parent":0,"menu_order":0,"comment_status":"closed","ping_status":"closed","template":"","meta":{"footnotes":""},"class_list":["post-6666","page","type-page","status-publish","hentry","no-post-thumbnail"],"_links":{"self":[{"href":"https:\/\/achat-or-st-barth.com\/en\/wp-json\/wp\/v2\/pages\/6666","targetHints":{"allow":["GET"]}}],"collection":[{"href":"https:\/\/achat-or-st-barth.com\/en\/wp-json\/wp\/v2\/pages"}],"about":[{"href":"https:\/\/achat-or-st-barth.com\/en\/wp-json\/wp\/v2\/types\/page"}],"author":[{"embeddable":true,"href":"https:\/\/achat-or-st-barth.com\/en\/wp-json\/wp\/v2\/users\/890731"}],"replies":[{"embeddable":true,"href":"https:\/\/achat-or-st-barth.com\/en\/wp-json\/wp\/v2\/comments?post=6666"}],"version-history":[{"count":5,"href":"https:\/\/achat-or-st-barth.com\/en\/wp-json\/wp\/v2\/pages\/6666\/revisions"}],"predecessor-version":[{"id":11141,"href":"https:\/\/achat-or-st-barth.com\/en\/wp-json\/wp\/v2\/pages\/6666\/revisions\/11141"}],"wp:attachment":[{"href":"https:\/\/achat-or-st-barth.com\/en\/wp-json\/wp\/v2\/media?parent=6666"}],"curies":[{"name":"wp","href":"https:\/\/api.w.org\/{rel}","templated":true}]}}