{"id":6670,"date":"2020-05-15T15:28:24","date_gmt":"2020-05-15T13:28:24","guid":{"rendered":"https:\/\/godot-paris16.onetab.fr\/?page_id=6670"},"modified":"2024-03-25T11:47:21","modified_gmt":"2024-03-25T09:47:21","slug":"achat-argent","status":"publish","type":"page","link":"https:\/\/achat-or-st-barth.com\/en\/achat-argent\/","title":{"rendered":"Purchase Silver"},"content":{"rendered":"<div  class=\"page-section-content section page-section-6a07a8f90ca00\"  ><div class=\"page-section\"><div class=\"ok-row\"><div  class=\"ok-xsd-12 page-section-6a07a8f90caf7   ok-md-6\"   ><div class=\"page-section\" ><div class=\"dimacoltable page-section\"><div class=\"dimacell\">\n\t<div class=\"wpb_content_element\" >\n\t\t<div class=\"wpb_wrapper\">\n\t\t\t<h2><strong>PURCHASE SILVER<\/strong><\/h2>\n<p>COINS, BULLIONS AND SILVER BARS<\/p>\n<p>&nbsp;<\/p>\n<div id=\"text-block-12\" class=\"mk-text-block\">\n<p><strong>Silver for all budgets<\/strong><\/p>\n<p>If you are looking to invest in safe havens, consider Silver investment in the form of\u00a0<strong>bars<\/strong>\u00a0or\u00a0<strong>coins<\/strong>. Our catalog includes several references of\u00a0<strong>modern coins and ounces<\/strong>. You will also have the choice between emblematic references such as the Maple Leaf, Silver Eagle, Kangaroos or philharmonics all prized by investors worldwide.<\/p>\n<p><strong>All our bars and bullions are made of 999.9 thousandths pure silver and are LBMA certified.<\/strong><\/p>\n<p>&nbsp;<\/p>\n<h3>SILVER : HIGH INVESTMENT OPPORTUNITIES<\/h3>\n<p><strong>Silver<\/strong>\u00a0is nowadays considered by many specialists as a metal with a\u00a0<strong>high investment potential<\/strong><\/p>\n<\/div>\n\n\t\t<\/div> \n\t<\/div> <div  class=\"dima-img column-item overflow-hidden\"       ><img loading=\"lazy\" decoding=\"async\" class=\"dima_image-img dima-image\" src=\"https:\/\/achat-or-st-barth.com\/wp-content\/uploads\/banking_silver-nt0rd8oqpdhvowvn1e38cuwh0xbokp4zq0eafvkv58-175x350.gif\" width=\"175\" height=\"350\" alt=\"alt=&quot;Lingots argent et pi\u00e8ces argent par la Maison Godot &amp; Fils Paris 16eme&quot;\" title=\"banking_silver-nt0rd8oqpdhvowvn1e38cuwh0xbokp4zq0eafvkv58\" \/><\/div><\/div><\/div><\/div><\/div><div  class=\"ok-xsd-12 page-section-6a07a8f92da36   ok-md-6\"   ><div class=\"page-section\" ><div class=\"dimacoltable page-section\"><div class=\"dimacell\"><div  class=\"dima-clear\" style=\"padding-bottom:40px\"><\/div><div  class=\"dima-img column-item overflow-hidden\"       ><img loading=\"lazy\" decoding=\"async\" class=\"dima_image-img dima-image\" src=\"https:\/\/achat-or-st-barth.com\/wp-content\/uploads\/argent-cours-exploser-embry-nt0rdzy27kj71ls1m7vev60u93lbrx57hrbdcwgg4s-220x350.jpg\" width=\"220\" height=\"350\" alt=\"alt=&quot;Achat Vente D&#039;argent par la Maison Godot &amp; Fils, expert de la n\u00e9goce de m\u00e9taux pr\u00e9cieux depuis 1933.&quot;\" title=\"Argent-Cours-Exploser-Embry-nt0rdzy27kj71ls1m7vev60u93lbrx57hrbdcwgg4s\" \/><\/div><div  class=\"dima-clear\" style=\"padding-bottom:40px\"><\/div>\n\t<div class=\"wpb_content_element\" >\n\t\t<div class=\"wpb_wrapper\">\n\t\t\t<p>L\u2019agence Godot &amp; Fils St-Barth\u00e9lemy propose \u00e9galement le rachat de vos <strong>french silver coins<\/strong>whether it is 50 or 10 Hercules Francs, 5 Sowing Francs or even 50 cts or 20 Turin Francs.<\/p>\n<p>cts ou 20 Francs Turin.<\/p>\n<p>&nbsp;<\/p>\n<p>Whether you are a particular or a professional, we will be happy to welcome you in our agency at <strong>4 rue du bord de mer 97133 Gustavia<\/strong><\/p>\n<p>&nbsp;<\/p>\n<p><strong>Pour plus de renseignements vous pouvez nous contacter au <a href=\"tel:06 83 18 88 91\">06 83 18 88 91<\/a><br \/>\n<\/strong><\/p>\n<p>&nbsp;<\/p>\n<p>Godot &amp; Fils St-Barth\u00e9lemy counter is wide open to you. We will be happy to advise you on the best investments to make. We will also assist you in your patrimonial gestion, always offering you a free estimation of your property.<\/p>\n\n\t\t<\/div> \n\t<\/div> <\/div><\/div><\/div><\/div><div  class=\"ok-xsd-12 page-section-6a07a8f93424d   ok-md-12\"   ><div class=\"page-section\" ><div class=\"dimacoltable page-section\"><div class=\"dimacell\"><ul  class=\"dima-accordion acc-default\" data-animate=\"transition.slideUpIn\" data-delay=\"70\" data-offset=\"98%\" data-dima-animate-item=\".dima-accordion-group\" ><li  class=\"panel dima-accordion-group\" ><div class=\"dima-accordion-header\"><a class=\"dima-accordion-toggle collapsed\" data-toggle=\"collapse\"  href=\"#collapse-1\"><span class=\"dima-accordion-title\">A profitable investment<\/span><\/a><\/div><div id=\"collapse-1\" class=\"dima-accordion-content collapse\"><div class=\"dima-accordion-inner\"><p>On the other hand, it is often unknown that silver reserves are more limited than gold reserves and that it is highly likely that the limits will be reached more quickly. This is because silver is not systematically recycled as it is for gold. On the other hand, the recycling costs for the grey metal are so high that manufacturers prefer to throw it away along with their other components.<\/p>\n<p>Therefore, the value of grey metal should increase because the demand from manufacturers is not likely to fall.<\/p>\n<p class=\"translation-block\">Therefore, silver investment seems more and more obvious, at least when it is used as a diversification asset to minimise risks.<\/p>\n<\/div><\/div><\/li><li  class=\"panel dima-accordion-group\" ><div class=\"dima-accordion-header\"><a class=\"dima-accordion-toggle collapsed\" data-toggle=\"collapse\"  href=\"#collapse-2\"><span class=\"dima-accordion-title\">Silver bars &amp; bullions<\/span><\/a><\/div><div id=\"collapse-2\" class=\"dima-accordion-content collapse\"><div class=\"dima-accordion-inner\"><p class=\"translation-block\">All our ingots are available in different sizes from 10 grams to 15 kilos and are made of 999.9\/1000e pure silver with LBMA certification. We offer you national exclusivity of silver bars and bullions products not subject to VAT, you will save money if you purchase them in bulk. Surprisingly, the smaller the ingot, the higher the manufacturing costs.<\/p>\n<p>We also offer many limited editions of coins for collectors.<\/p>\n<\/div><\/div><\/li><li  class=\"panel dima-accordion-group\" ><div class=\"dima-accordion-header\"><a class=\"dima-accordion-toggle collapsed\" data-toggle=\"collapse\"  href=\"#collapse-3\"><span class=\"dima-accordion-title\">Silver buyback<\/span><\/a><\/div><div id=\"collapse-3\" class=\"dima-accordion-content collapse\"><div class=\"dima-accordion-inner\"><p class=\"translation-block\">Of course, we buy back all the products we offer for sale. Don't hesitate to come and expertise free of charge your coins, bars and bullions, as well as your silverware at <a href=\"http:\/\/achat-or-saint-barth.com\/contact\/\" target=\"_self\">your Godot &amp; Fils St-Barth\u00e9lemy counter<\/a><\/p>\n<p>We will be happy to offer you advantageous prices for the repurchase of your 10 Francs, 50 Hercules Francs but also for your Turin or Sowing Francs. We have the vocation to practice a similar price policy whether it is a question of purchase or sale, taking into account the state of conservation of the pieces.<\/p>\n<\/div><\/div><\/li><\/ul><\/div><\/div><\/div><\/div><\/div><\/div><\/div>","protected":false},"excerpt":{"rendered":"ACHAT VENTE D'ARGENT PIECES, LINGOTINS ET LINGOTS &nbsp; L\u2019argent pour tous les budgets Si vous cherchez \u00e0 investir dans les valeurs refuges, pensez \u00e0 l\u2019argent d\u2019investissement sous forme de\u00a0lingots\u00a0ou\u00a0pi\u00e8ces. Notre catalogue regroupe plusieurs r\u00e9f\u00e9rences de\u00a0pi\u00e8ces et onces modernes. Aussi, vous aurez le choix entre des r\u00e9f\u00e9rences iconiques telles que les Maple Leaf, Silver Eagle, Kangourous [...]","protected":false},"author":890731,"featured_media":0,"parent":0,"menu_order":0,"comment_status":"closed","ping_status":"closed","template":"","meta":{"footnotes":""},"class_list":["post-6670","page","type-page","status-publish","hentry","no-post-thumbnail"],"_links":{"self":[{"href":"https:\/\/achat-or-st-barth.com\/en\/wp-json\/wp\/v2\/pages\/6670","targetHints":{"allow":["GET"]}}],"collection":[{"href":"https:\/\/achat-or-st-barth.com\/en\/wp-json\/wp\/v2\/pages"}],"about":[{"href":"https:\/\/achat-or-st-barth.com\/en\/wp-json\/wp\/v2\/types\/page"}],"author":[{"embeddable":true,"href":"https:\/\/achat-or-st-barth.com\/en\/wp-json\/wp\/v2\/users\/890731"}],"replies":[{"embeddable":true,"href":"https:\/\/achat-or-st-barth.com\/en\/wp-json\/wp\/v2\/comments?post=6670"}],"version-history":[{"count":5,"href":"https:\/\/achat-or-st-barth.com\/en\/wp-json\/wp\/v2\/pages\/6670\/revisions"}],"predecessor-version":[{"id":11222,"href":"https:\/\/achat-or-st-barth.com\/en\/wp-json\/wp\/v2\/pages\/6670\/revisions\/11222"}],"wp:attachment":[{"href":"https:\/\/achat-or-st-barth.com\/en\/wp-json\/wp\/v2\/media?parent=6670"}],"curies":[{"name":"wp","href":"https:\/\/api.w.org\/{rel}","templated":true}]}}