{"id":6721,"date":"2020-05-27T14:41:03","date_gmt":"2020-05-27T12:41:03","guid":{"rendered":"https:\/\/godot-paris16.onetab.fr\/?page_id=6721"},"modified":"2024-03-25T11:49:35","modified_gmt":"2024-03-25T09:49:35","slug":"numismatique","status":"publish","type":"page","link":"https:\/\/achat-or-st-barth.com\/en\/numismatique\/","title":{"rendered":"Numismatics"},"content":{"rendered":"<div  class=\"no-padding-section page-section-content section page-section-69f49d2cd9eb2\"  ><div class=\"page-section\"><div class=\"ok-row\"><div  class=\"ok-xsd-12 page-section-69f49d2cd9f5d   ok-md-12\"   ><div class=\"page-section\" ><div class=\"dimacoltable page-section\"><div class=\"dimacell\"><div  class=\"dima-spacer-module\"  data-units=\"px\" data-all_size=\"50\" data-xld_resolution=\"1600\" data-xld_size=\"50\" data-ld_resolution=\"1400\" data-ld_size=\"46\" data-md_resolution=\"1170\" data-md_size=\"59\" data-sd_resolution=\"969\" data-sd_size=\"50\" data-xsd_resolution=\"480\" data-xsd_size=\"50\" style=\"height: 50px;\"><\/div><\/div><\/div><\/div><\/div><div  class=\"ok-xsd-12 page-section-69f49d2cd9ff7   ok-md-6\"   ><div class=\"page-section\" ><div class=\"dimacoltable page-section\"><div class=\"dimacell\"><h1  class=\"dima-custom-heading\"   ><\/p>\n<h2><strong>NUMISMATICS<\/strong><\/h2>\n<p>THE COLLECTION OF ANTIQUE COINS AND BANKNOTES<\/h1>\n\t<div class=\"wpb_content_element\" >\n\t\t<div class=\"wpb_wrapper\">\n\t\t\t<div id=\"text-block-12\" class=\"mk-text-block\">\n<p><span style=\"color: #000000;\"><strong>In addition to our exchange and precious metal trading activities, it was obvious for the Godot &amp; Fils counter in St Barth to offer our customers a catalog of antique and collector items.<\/strong><\/span><\/p>\n<div class=\"clearboth\"><\/div>\n<\/div>\n\n\t\t<\/div> \n\t<\/div> <\/div><\/div><\/div><\/div><div  class=\"ok-xsd-12 page-section-69f49d2cda0a1   ok-md-6\"   ><div class=\"page-section\" ><div class=\"dimacoltable page-section\"><div class=\"dimacell\"><div  class=\"dima-img column-item overflow-hidden\"       ><img loading=\"lazy\" decoding=\"async\" width=\"530\" height=\"250\" src=\"https:\/\/achat-or-st-barth.com\/wp-content\/uploads\/or-numismatique.jpg\" class=\"dima_image-img dima-image attachment-full\" alt=\"or-numismatique\" \/><\/div><div  class=\"dima-spacer-module\"  data-units=\"px\" data-all_size=\"50\" data-xld_resolution=\"1600\" data-xld_size=\"50\" data-ld_resolution=\"1400\" data-ld_size=\"50\" data-md_resolution=\"1170\" data-md_size=\"50\" data-sd_resolution=\"969\" data-sd_size=\"50\" data-xsd_resolution=\"480\" data-xsd_size=\"50\" style=\"height: 50px;\"><\/div><\/div><\/div><\/div><\/div><div  class=\"ok-xsd-12 page-section-69f49d2cda34a   ok-md-12\"   ><div class=\"page-section\" ><div class=\"dimacoltable page-section\"><div class=\"dimacell\">\n\t<div class=\"wpb_content_element\" >\n\t\t<div class=\"wpb_wrapper\">\n\t\t\t<div id=\"text-block-12\" class=\"mk-text-block\">\n<p><span style=\"color: #8f8484;\">Thus, in addition to the purely speculative vocation of the currency, many specialists see in it a historical and cultural dimension. For our customers numismatists and collectors, we thought in developing this service and this know-how. For this reason, Godot &amp; Fils has very quickly gathered experienced numismatists to provide you the best of their experience.<\/span><\/p>\n<p><span style=\"color: #8f8484;\">Whether you are an accomplished collector or a beginner, wise advice is essential regarding this millennia old discipline. <\/span><\/p>\n<p>&nbsp;<\/p>\n<div class=\"clearboth\"><\/div>\n<\/div>\n\n\t\t<\/div> \n\t<\/div> <\/div><\/div><\/div><\/div><\/div><\/div><\/div><div  class=\"no-padding-section page-section-content section page-section-69f49d2cda48d\"  ><div class=\"page-section\"><div class=\"ok-row\"><div  class=\"ok-xsd-12 page-section-69f49d2cda4d7   ok-md-12\"   ><div class=\"page-section\" ><div class=\"dimacoltable page-section\"><div class=\"dimacell\"><ul  class=\"dima-accordion acc-default\" data-animate=\"transition.slideUpIn\" data-delay=\"70\" data-offset=\"98%\" data-dima-animate-item=\".dima-accordion-group\" ><li  class=\"panel dima-accordion-group\" ><div class=\"dima-accordion-header\"><a class=\"dima-accordion-toggle collapsed\" data-toggle=\"collapse\"  href=\"#collapse-1\"><span class=\"dima-accordion-title\">Personalized advice<\/span><\/a><\/div><div id=\"collapse-1\" class=\"dima-accordion-content collapse\"><div class=\"dima-accordion-inner\"><p>To determine the value of your coins, our experts will take into account several criteria, the date of the coin or its place of issue.<\/p>\n<p>If you are a beginner in this discipline, our experts are at your disposal to guide you in your first purchases.<\/p>\n<p>Our experts will give you a free quotation of your coins.<\/p>\n<\/div><\/div><\/li><li  class=\"panel dima-accordion-group\" ><div class=\"dima-accordion-header\"><a class=\"dima-accordion-toggle collapsed\" data-toggle=\"collapse\"  href=\"#collapse-2\"><span class=\"dima-accordion-title\">Investment products<\/span><\/a><\/div><div id=\"collapse-2\" class=\"dima-accordion-content collapse\"><div class=\"dima-accordion-inner\"><p>When it comes to investment, numismatics attracts private individuals searching rare coins; but also financial institutions who see a lucrative interest in it.<\/p>\n<\/div><\/div><\/li><li  class=\"panel dima-accordion-group\" ><div class=\"dima-accordion-header\"><a class=\"dima-accordion-toggle collapsed\" data-toggle=\"collapse\"  href=\"#collapse-3\"><span class=\"dima-accordion-title\">Tax benefits<\/span><\/a><\/div><div id=\"collapse-3\" class=\"dima-accordion-content collapse\"><div class=\"dima-accordion-inner\"><p>Collector's coins are not subject to taxation, which is a very big advantage for investors.<\/p>\n<\/div><\/div><\/li><\/ul><\/div><\/div><\/div><\/div><div  class=\"ok-xsd-12 page-section-69f49d2cda5ba   ok-md-3\"   ><div class=\"page-section\" ><div class=\"dimacoltable page-section\"><div class=\"dimacell\"><div  class=\"dima-spacer-module\"  data-units=\"px\" data-all_size=\"70\" data-xld_resolution=\"1600\" data-xld_size=\"70\" data-ld_resolution=\"1400\" data-ld_size=\"70\" data-md_resolution=\"1170\" data-md_size=\"67\" data-sd_resolution=\"969\" data-sd_size=\"70\" data-xsd_resolution=\"480\" data-xsd_size=\"70\" style=\"height: 70px;\"><\/div><div  class=\"dima-img column-item overflow-hidden\"       ><img loading=\"lazy\" decoding=\"async\" width=\"310\" height=\"197\" src=\"https:\/\/achat-or-st-barth.com\/wp-content\/uploads\/numismatique-stbath.png\" class=\"dima_image-img dima-image attachment-full\" alt=\"\" srcset=\"https:\/\/achat-or-st-barth.com\/wp-content\/uploads\/numismatique-stbath.png 310w, https:\/\/achat-or-st-barth.com\/wp-content\/uploads\/numismatique-stbath-18x12.png 18w\" sizes=\"auto, (max-width: 310px) 100vw, 310px\" \/><\/div><div  class=\"dima-spacer-module\"  data-units=\"px\" data-all_size=\"70\" data-xld_resolution=\"1600\" data-xld_size=\"70\" data-ld_resolution=\"1400\" data-ld_size=\"70\" data-md_resolution=\"1170\" data-md_size=\"67\" data-sd_resolution=\"969\" data-sd_size=\"70\" data-xsd_resolution=\"480\" data-xsd_size=\"70\" style=\"height: 70px;\"><\/div><\/div><\/div><\/div><\/div><div  class=\"ok-xsd-12 page-section-69f49d2cda817   ok-md-9\"   ><div class=\"page-section\" ><div class=\"dimacoltable page-section\"><div class=\"dimacell\"><div  class=\"dima-spacer-module\"  data-units=\"px\" data-all_size=\"150\" data-xld_resolution=\"1600\" data-xld_size=\"150\" data-ld_resolution=\"1400\" data-ld_size=\"150\" data-md_resolution=\"1170\" data-md_size=\"120\" data-sd_resolution=\"969\" data-sd_size=\"100\" data-xsd_resolution=\"480\" data-xsd_size=\"100\" style=\"height: 150px;\"><\/div>\n\t<div class=\"wpb_content_element\" >\n\t\t<div class=\"wpb_wrapper\">\n\t\t\t<p><span style=\"color: #8f8484;\">All good reasons to come <span style=\"color: #000000;\"><a style=\"color: #000000;\" href=\"http:\/\/achat-or-st-barth.com\/en\/contact\/\">nous rendre visite au 4 rue du bord de mer 97133 Gustavia<\/a><\/span>even just to gather information. If you are not able to come to our office, please contact us at <a href=\"tel:06 83 18 88 91\"><strong>06 83 18 88 91<\/strong><\/a>\u00a0!<\/span><\/p>\n\n\t\t<\/div> \n\t<\/div> <\/div><\/div><\/div><\/div><\/div><\/div><\/div><div  class=\"page-section-content section page-section-69f49d2cda93b\"  ><div class=\"page-section full_width_section\"><div class=\"ok-row\"><div  class=\"ok-xsd-12 page-section-69f49d2cda973   ok-md-12\"   ><div class=\"page-section\" ><div class=\"dimacoltable page-section\"><div class=\"dimacell\"><\/div><\/div><\/div><\/div><\/div><\/div><\/div>","protected":false},"excerpt":{"rendered":"NUMISMATIQUE LA COLLECTION DES PIECES ET BILLETS ANCIENS En parall\u00e8le de nos activit\u00e9s de change et de n\u00e9goce de m\u00e9taux pr\u00e9cieux, il \u00e9tait \u00e9vident pour le comptoir Godot &amp; Fils St-Barth\u00e9lemy de proposer \u00e0 notre client\u00e8le un catalogue de pi\u00e8ces anciennes et de collection. Ainsi, outre la vocation purement sp\u00e9culative de la monnaie, de nombreux [...]","protected":false},"author":890731,"featured_media":10417,"parent":0,"menu_order":0,"comment_status":"closed","ping_status":"closed","template":"","meta":{"footnotes":""},"class_list":["post-6721","page","type-page","status-publish","has-post-thumbnail","hentry"],"_links":{"self":[{"href":"https:\/\/achat-or-st-barth.com\/en\/wp-json\/wp\/v2\/pages\/6721","targetHints":{"allow":["GET"]}}],"collection":[{"href":"https:\/\/achat-or-st-barth.com\/en\/wp-json\/wp\/v2\/pages"}],"about":[{"href":"https:\/\/achat-or-st-barth.com\/en\/wp-json\/wp\/v2\/types\/page"}],"author":[{"embeddable":true,"href":"https:\/\/achat-or-st-barth.com\/en\/wp-json\/wp\/v2\/users\/890731"}],"replies":[{"embeddable":true,"href":"https:\/\/achat-or-st-barth.com\/en\/wp-json\/wp\/v2\/comments?post=6721"}],"version-history":[{"count":5,"href":"https:\/\/achat-or-st-barth.com\/en\/wp-json\/wp\/v2\/pages\/6721\/revisions"}],"predecessor-version":[{"id":11224,"href":"https:\/\/achat-or-st-barth.com\/en\/wp-json\/wp\/v2\/pages\/6721\/revisions\/11224"}],"wp:featuredmedia":[{"embeddable":true,"href":"https:\/\/achat-or-st-barth.com\/en\/wp-json\/wp\/v2\/media\/10417"}],"wp:attachment":[{"href":"https:\/\/achat-or-st-barth.com\/en\/wp-json\/wp\/v2\/media?parent=6721"}],"curies":[{"name":"wp","href":"https:\/\/api.w.org\/{rel}","templated":true}]}}